{"id":210,"date":"2018-06-14T09:08:11","date_gmt":"2018-06-14T09:08:11","guid":{"rendered":"https:\/\/themes.themegoods.com\/hoteller\/luxury\/?page_id=210"},"modified":"2020-04-24T10:41:23","modified_gmt":"2020-04-24T10:41:23","slug":"greinar","status":"publish","type":"page","link":"https:\/\/langaholt.is\/islenska\/greinar\/","title":{"rendered":"Greinar"},"content":{"rendered":"\t\t<div data-elementor-type=\"wp-post\" data-elementor-id=\"210\" class=\"elementor elementor-210\">\n\t\t\t\t\t\t<section class=\"elementor-section elementor-top-section elementor-element elementor-element-b86fc27 elementor-section-boxed elementor-section-height-default elementor-section-height-default\" data-id=\"b86fc27\" data-element_type=\"section\" data-e-type=\"section\" data-settings=\"{&quot;hoteller_ext_is_background_parallax&quot;:&quot;false&quot;,&quot;hoteller_ext_is_background_on_scroll&quot;:&quot;false&quot;}\">\n\t\t\t\t\t\t<div class=\"elementor-container elementor-column-gap-default\">\n\t\t\t\t\t<div class=\"elementor-column elementor-col-100 elementor-top-column elementor-element elementor-element-08d06cf\" data-id=\"08d06cf\" data-element_type=\"column\" data-e-type=\"column\" data-settings=\"{&quot;hoteller_ext_link_sidemenu&quot;:&quot;false&quot;,&quot;hoteller_ext_link_fullmenu&quot;:&quot;false&quot;,&quot;hoteller_ext_link_closed_fullmenu&quot;:&quot;false&quot;,&quot;hoteller_ext_is_scrollme&quot;:&quot;false&quot;,&quot;hoteller_ext_is_smoove&quot;:&quot;false&quot;,&quot;hoteller_ext_is_parallax_mouse&quot;:&quot;false&quot;,&quot;hoteller_ext_is_infinite&quot;:&quot;false&quot;,&quot;hoteller_ext_is_fadeout_animation&quot;:&quot;false&quot;,&quot;hoteller_ext_mobile_static&quot;:&quot;false&quot;}\">\n\t\t\t<div class=\"elementor-widget-wrap elementor-element-populated\">\n\t\t\t\t\t\t<div class=\"elementor-element elementor-element-93cba18 elementor-widget elementor-widget-hoteller-blog-posts\" data-id=\"93cba18\" data-element_type=\"widget\" data-e-type=\"widget\" data-settings=\"{&quot;hoteller_ext_link_sidemenu&quot;:&quot;false&quot;,&quot;hoteller_ext_link_fullmenu&quot;:&quot;false&quot;,&quot;hoteller_ext_link_closed_fullmenu&quot;:&quot;false&quot;,&quot;hoteller_ext_is_scrollme&quot;:&quot;false&quot;,&quot;hoteller_ext_is_smoove&quot;:&quot;false&quot;,&quot;hoteller_ext_is_parallax_mouse&quot;:&quot;false&quot;,&quot;hoteller_ext_is_infinite&quot;:&quot;false&quot;,&quot;hoteller_ext_is_fadeout_animation&quot;:&quot;false&quot;,&quot;hoteller_ext_mobile_static&quot;:&quot;false&quot;}\" data-widget_type=\"hoteller-blog-posts.default\">\n\t\t\t\t<div class=\"elementor-widget-container\">\n\t\t\t\t\t<div class=\"blog_post_content_wrapper layout_grid_no_space\">\n\n<!-- Begin each blog post -->\n<div class=\"blog-posts-grid_no_space blog-tilt post-2152 post type-post status-publish format-standard has-post-thumbnail hentry category-uncategorized\" style=\"background-image:url(https:\/\/langaholt.is\/islenska\/wp-content\/uploads\/2020\/04\/Bj\u00fagu-eru-besti-matur-\u00ed-heimi_1-610x610.jpg);\">\n\t\n\t<div class=\"bg_overlay\"><\/div>\n\n\t<div class=\"post_wrapper\">\n\t\t\n\t\t<div class=\"post_content_wrapper text_left\">\n\t\t    \n\t\t    <div class=\"post_header\">\n\t\t\t    \t\t\t\t<div class=\"post_header_title\">\n\t\t\t\t    <h5><a href=\"https:\/\/langaholt.is\/islenska\/bjugu-eru-besti-matur-i-heimi\/\" title=\"\u201eBj\u00fagu eru besti matur \u00ed heimi\u201c\">\u201eBj\u00fagu eru besti matur \u00ed heimi\u201c<\/a><\/h5>\n\t\t\t\t<\/div>\n\t\t\t\t\n\t\t\t\t<div class=\"post_header_wrapper\">\n\t\t\t\t\t\t\t    \t\t\t    <div class=\"post_button_wrapper\">\n\t\t\t    \t<div class=\"post_attribute\">\n\t\t\t\t\t    <a href=\"https:\/\/langaholt.is\/islenska\/bjugu-eru-besti-matur-i-heimi\/\" title=\"\u201eBj\u00fagu eru besti matur \u00ed heimi\u201c\">desember 20, 2019<\/a>\n\t\t\t\t\t<\/div>\n\t\t\t    <\/div>\n\t\t\t    \t\t\t<\/div>\n\t\t\t<\/div>\n\t    <\/div>\n\t    \n\t<\/div>\n\n<\/div>\n\n<!-- End each blog post -->\n<!-- Begin each blog post -->\n<div class=\"blog-posts-grid_no_space blog-tilt post-2162 post type-post status-publish format-standard has-post-thumbnail hentry category-uncategorized\" style=\"background-image:url(https:\/\/langaholt.is\/islenska\/wp-content\/uploads\/2020\/04\/Ramm\u00edslensk-bj\u00fagnah\u00e1t\u00ed\u00f0_2-610x610.jpg);\">\n\t\n\t<div class=\"bg_overlay\"><\/div>\n\n\t<div class=\"post_wrapper\">\n\t\t\n\t\t<div class=\"post_content_wrapper text_left\">\n\t\t    \n\t\t    <div class=\"post_header\">\n\t\t\t    \t\t\t\t<div class=\"post_header_title\">\n\t\t\t\t    <h5><a href=\"https:\/\/langaholt.is\/islenska\/rammislensk-bjugnahatid\/\" title=\"Ramm\u00edslensk bj\u00fagnah\u00e1t\u00ed\u00f0\">Ramm\u00edslensk bj\u00fagnah\u00e1t\u00ed\u00f0<\/a><\/h5>\n\t\t\t\t<\/div>\n\t\t\t\t\n\t\t\t\t<div class=\"post_header_wrapper\">\n\t\t\t\t\t\t\t    \t\t\t    <div class=\"post_button_wrapper\">\n\t\t\t    \t<div class=\"post_attribute\">\n\t\t\t\t\t    <a href=\"https:\/\/langaholt.is\/islenska\/rammislensk-bjugnahatid\/\" title=\"Ramm\u00edslensk bj\u00fagnah\u00e1t\u00ed\u00f0\">n\u00f3vember 29, 2019<\/a>\n\t\t\t\t\t<\/div>\n\t\t\t    <\/div>\n\t\t\t    \t\t\t<\/div>\n\t\t\t<\/div>\n\t    <\/div>\n\t    \n\t<\/div>\n\n<\/div>\n\n<!-- End each blog post -->\n<!-- Begin each blog post -->\n<div class=\"blog-posts-grid_no_space blog-tilt post-2175 post type-post status-publish format-standard has-post-thumbnail hentry category-uncategorized\" style=\"background-image:url(https:\/\/langaholt.is\/islenska\/wp-content\/uploads\/2020\/04\/Vi\u00f0tal-Langaholt-loki\u00f0_2-610x610.jpg);\">\n\t\n\t<div class=\"bg_overlay\"><\/div>\n\n\t<div class=\"post_wrapper\">\n\t\t\n\t\t<div class=\"post_content_wrapper text_left\">\n\t\t    \n\t\t    <div class=\"post_header\">\n\t\t\t    \t\t\t\t<div class=\"post_header_title\">\n\t\t\t\t    <h5><a href=\"https:\/\/langaholt.is\/islenska\/matreidum-helst-ekkert-ur-pokkum-eda-dosum\/\" title=\"Matrei\u00f0um helst ekkert \u00far p\u00f6kkum e\u00f0a d\u00f3sum\">Matrei\u00f0um helst ekkert \u00far p\u00f6kkum e\u00f0a d\u00f3sum<\/a><\/h5>\n\t\t\t\t<\/div>\n\t\t\t\t\n\t\t\t\t<div class=\"post_header_wrapper\">\n\t\t\t\t\t\t\t    \t\t\t    <div class=\"post_button_wrapper\">\n\t\t\t    \t<div class=\"post_attribute\">\n\t\t\t\t\t    <a href=\"https:\/\/langaholt.is\/islenska\/matreidum-helst-ekkert-ur-pokkum-eda-dosum\/\" title=\"Matrei\u00f0um helst ekkert \u00far p\u00f6kkum e\u00f0a d\u00f3sum\">n\u00f3vember 19, 2019<\/a>\n\t\t\t\t\t<\/div>\n\t\t\t    <\/div>\n\t\t\t    \t\t\t<\/div>\n\t\t\t<\/div>\n\t    <\/div>\n\t    \n\t<\/div>\n\n<\/div>\n\n<!-- End each blog post -->\n<!-- Begin each blog post -->\n<div class=\"blog-posts-grid_no_space blog-tilt post-2146 post type-post status-publish format-standard has-post-thumbnail hentry category-uncategorized\" style=\"background-image:url(https:\/\/langaholt.is\/islenska\/wp-content\/uploads\/2020\/04\/\u00c1hersla-\u00e1-matv\u00e6li-\u00far-h\u00e9ra\u00f0i_FYRIR-VEF-610x610.jpg);\">\n\t\n\t<div class=\"bg_overlay\"><\/div>\n\n\t<div class=\"post_wrapper\">\n\t\t\n\t\t<div class=\"post_content_wrapper text_left\">\n\t\t    \n\t\t    <div class=\"post_header\">\n\t\t\t    \t\t\t\t<div class=\"post_header_title\">\n\t\t\t\t    <h5><a href=\"https:\/\/langaholt.is\/islenska\/i-langaholti-er-ahersla-a-matvaeli-ur-heradi\/\" title=\"\u00cd Langaholti er \u00e1hersla \u00e1 matv\u00e6li \u00far h\u00e9ra\u00f0i\">\u00cd Langaholti er \u00e1hersla \u00e1 matv\u00e6li \u00far h\u00e9ra\u00f0i<\/a><\/h5>\n\t\t\t\t<\/div>\n\t\t\t\t\n\t\t\t\t<div class=\"post_header_wrapper\">\n\t\t\t\t\t\t\t    \t\t\t    <div class=\"post_button_wrapper\">\n\t\t\t    \t<div class=\"post_attribute\">\n\t\t\t\t\t    <a href=\"https:\/\/langaholt.is\/islenska\/i-langaholti-er-ahersla-a-matvaeli-ur-heradi\/\" title=\"\u00cd Langaholti er \u00e1hersla \u00e1 matv\u00e6li \u00far h\u00e9ra\u00f0i\">okt\u00f3ber 9, 2017<\/a>\n\t\t\t\t\t<\/div>\n\t\t\t    <\/div>\n\t\t\t    \t\t\t<\/div>\n\t\t\t<\/div>\n\t    <\/div>\n\t    \n\t<\/div>\n\n<\/div>\n\n<!-- End each blog post -->\n<!-- Begin each blog post -->\n<div class=\"blog-posts-grid_no_space blog-tilt post-2197 post type-post status-publish format-standard has-post-thumbnail hentry category-uncategorized\" style=\"background-image:url(https:\/\/langaholt.is\/islenska\/wp-content\/uploads\/2020\/04\/fr_20170218_056439-610x563.jpg);\">\n\t\n\t<div class=\"bg_overlay\"><\/div>\n\n\t<div class=\"post_wrapper\">\n\t\t\n\t\t<div class=\"post_content_wrapper text_left\">\n\t\t    \n\t\t    <div class=\"post_header\">\n\t\t\t    \t\t\t\t<div class=\"post_header_title\">\n\t\t\t\t    <h5><a href=\"https:\/\/langaholt.is\/islenska\/hvalreki-a-snaefellsnesi\/\" title=\"Hvalreki \u00e1 Sn\u00e6fellsnesi\">Hvalreki \u00e1 Sn\u00e6fellsnesi<\/a><\/h5>\n\t\t\t\t<\/div>\n\t\t\t\t\n\t\t\t\t<div class=\"post_header_wrapper\">\n\t\t\t\t\t\t\t    \t\t\t    <div class=\"post_button_wrapper\">\n\t\t\t    \t<div class=\"post_attribute\">\n\t\t\t\t\t    <a href=\"https:\/\/langaholt.is\/islenska\/hvalreki-a-snaefellsnesi\/\" title=\"Hvalreki \u00e1 Sn\u00e6fellsnesi\">febr\u00faar 18, 2017<\/a>\n\t\t\t\t\t<\/div>\n\t\t\t    <\/div>\n\t\t\t    \t\t\t<\/div>\n\t\t\t<\/div>\n\t    <\/div>\n\t    \n\t<\/div>\n\n<\/div>\n\n<!-- End each blog post -->\n<!-- Begin each blog post -->\n<div class=\"blog-posts-grid_no_space blog-tilt post-2157 post type-post status-publish format-standard has-post-thumbnail hentry category-uncategorized\" style=\"background-image:url(https:\/\/langaholt.is\/islenska\/wp-content\/uploads\/2016\/11\/Styttist-\u00ed-a\u00f0-st\u00e6rra-h\u00f3telr\u00fdmi-ver\u00f0i-teki\u00f0-\u00ed-notkun-\u00ed-Langaholti-610x610.jpg);\">\n\t\n\t<div class=\"bg_overlay\"><\/div>\n\n\t<div class=\"post_wrapper\">\n\t\t\n\t\t<div class=\"post_content_wrapper text_left\">\n\t\t    \n\t\t    <div class=\"post_header\">\n\t\t\t    \t\t\t\t<div class=\"post_header_title\">\n\t\t\t\t    <h5><a href=\"https:\/\/langaholt.is\/islenska\/styttist-i-ad-staerra-hotelrymi-verdi-tekid-i-notkun-i-langaholti\/\" title=\"Styttist \u00ed a\u00f0 st\u00e6rra h\u00f3telr\u00fdmi ver\u00f0i teki\u00f0 \u00ed notkun \u00ed Langaholti\">Styttist \u00ed a\u00f0 st\u00e6rra h\u00f3telr\u00fdmi ver\u00f0i teki\u00f0 \u00ed notkun \u00ed Langaholti<\/a><\/h5>\n\t\t\t\t<\/div>\n\t\t\t\t\n\t\t\t\t<div class=\"post_header_wrapper\">\n\t\t\t\t\t\t\t    \t\t\t    <div class=\"post_button_wrapper\">\n\t\t\t    \t<div class=\"post_attribute\">\n\t\t\t\t\t    <a href=\"https:\/\/langaholt.is\/islenska\/styttist-i-ad-staerra-hotelrymi-verdi-tekid-i-notkun-i-langaholti\/\" title=\"Styttist \u00ed a\u00f0 st\u00e6rra h\u00f3telr\u00fdmi ver\u00f0i teki\u00f0 \u00ed notkun \u00ed Langaholti\">n\u00f3vember 9, 2016<\/a>\n\t\t\t\t\t<\/div>\n\t\t\t    <\/div>\n\t\t\t    \t\t\t<\/div>\n\t\t\t<\/div>\n\t    <\/div>\n\t    \n\t<\/div>\n\n<\/div>\n\n<!-- End each blog post -->\n<!-- Begin each blog post -->\n<div class=\"blog-posts-grid_no_space blog-tilt post-2139 post type-post status-publish format-standard has-post-thumbnail hentry category-uncategorized\" style=\"background-image:url(https:\/\/langaholt.is\/islenska\/wp-content\/uploads\/2016\/07\/VV2019_langaholt1-610x610.jpg);\">\n\t\n\t<div class=\"bg_overlay\"><\/div>\n\n\t<div class=\"post_wrapper\">\n\t\t\n\t\t<div class=\"post_content_wrapper text_left\">\n\t\t    \n\t\t    <div class=\"post_header\">\n\t\t\t    \t\t\t\t<div class=\"post_header_title\">\n\t\t\t\t    <h5><a href=\"https:\/\/langaholt.is\/islenska\/eg-vinn-vid-ad-selja-folki-minningar\/\" title=\"\u201e\u00c9g vinn vi\u00f0 a\u00f0 selja f\u00f3lki minningar\u201c\">\u201e\u00c9g vinn vi\u00f0 a\u00f0 selja f\u00f3lki minningar\u201c<\/a><\/h5>\n\t\t\t\t<\/div>\n\t\t\t\t\n\t\t\t\t<div class=\"post_header_wrapper\">\n\t\t\t\t\t\t\t    \t\t\t    <div class=\"post_button_wrapper\">\n\t\t\t    \t<div class=\"post_attribute\">\n\t\t\t\t\t    <a href=\"https:\/\/langaholt.is\/islenska\/eg-vinn-vid-ad-selja-folki-minningar\/\" title=\"\u201e\u00c9g vinn vi\u00f0 a\u00f0 selja f\u00f3lki minningar\u201c\">j\u00fal\u00ed 14, 2016<\/a>\n\t\t\t\t\t<\/div>\n\t\t\t    <\/div>\n\t\t\t    \t\t\t<\/div>\n\t\t\t<\/div>\n\t    <\/div>\n\t    \n\t<\/div>\n\n<\/div>\n\n<!-- End each blog post -->\n<!-- Begin each blog post -->\n<div class=\"blog-posts-grid_no_space blog-tilt post-2184 post type-post status-publish format-standard has-post-thumbnail hentry category-uncategorized\" style=\"background-image:url(https:\/\/langaholt.is\/islenska\/wp-content\/uploads\/2020\/04\/Framkv\u00e6mdir-vi\u00f0-tv\u00f6f\u00f6ldun-gistih\u00fassins-a\u00f0-Langaholti_4_Langaholt-610x610.jpg);\">\n\t\n\t<div class=\"bg_overlay\"><\/div>\n\n\t<div class=\"post_wrapper\">\n\t\t\n\t\t<div class=\"post_content_wrapper text_left\">\n\t\t    \n\t\t    <div class=\"post_header\">\n\t\t\t    \t\t\t\t<div class=\"post_header_title\">\n\t\t\t\t    <h5><a href=\"https:\/\/langaholt.is\/islenska\/framkvaemdir-vid-tvofoldun-gistihussins-ad-langaholti\/\" title=\"Framkv\u00e6mdir vi\u00f0 tv\u00f6f\u00f6ldun gistih\u00fassins a\u00f0 Langaholti\">Framkv\u00e6mdir vi\u00f0 tv\u00f6f\u00f6ldun gistih\u00fassins a\u00f0 Langaholti<\/a><\/h5>\n\t\t\t\t<\/div>\n\t\t\t\t\n\t\t\t\t<div class=\"post_header_wrapper\">\n\t\t\t\t\t\t\t    \t\t\t    <div class=\"post_button_wrapper\">\n\t\t\t    \t<div class=\"post_attribute\">\n\t\t\t\t\t    <a href=\"https:\/\/langaholt.is\/islenska\/framkvaemdir-vid-tvofoldun-gistihussins-ad-langaholti\/\" title=\"Framkv\u00e6mdir vi\u00f0 tv\u00f6f\u00f6ldun gistih\u00fassins a\u00f0 Langaholti\">febr\u00faar 6, 2016<\/a>\n\t\t\t\t\t<\/div>\n\t\t\t    <\/div>\n\t\t\t    \t\t\t<\/div>\n\t\t\t<\/div>\n\t    <\/div>\n\t    \n\t<\/div>\n\n<\/div>\n\n<!-- End each blog post -->\n<!-- Begin each blog post -->\n<div class=\"blog-posts-grid_no_space blog-tilt post-2192 post type-post status-publish format-standard has-post-thumbnail hentry category-uncategorized\" style=\"background-image:url(https:\/\/langaholt.is\/islenska\/wp-content\/uploads\/2020\/04\/Mynd_1667194-610x610.jpg);\">\n\t\n\t<div class=\"bg_overlay\"><\/div>\n\n\t<div class=\"post_wrapper\">\n\t\t\n\t\t<div class=\"post_content_wrapper text_left\">\n\t\t    \n\t\t    <div class=\"post_header\">\n\t\t\t    \t\t\t\t<div class=\"post_header_title\">\n\t\t\t\t    <h5><a href=\"https:\/\/langaholt.is\/islenska\/gistirymum-ad-langaholti-fjolgad-um-helming-i-vetur\/\" title=\"Gistir\u00fdmum a\u00f0 Langaholti fj\u00f6lga\u00f0 um helming \u00ed vetur\">Gistir\u00fdmum a\u00f0 Langaholti fj\u00f6lga\u00f0 um helming \u00ed vetur<\/a><\/h5>\n\t\t\t\t<\/div>\n\t\t\t\t\n\t\t\t\t<div class=\"post_header_wrapper\">\n\t\t\t\t\t\t\t    \t\t\t    <div class=\"post_button_wrapper\">\n\t\t\t    \t<div class=\"post_attribute\">\n\t\t\t\t\t    <a href=\"https:\/\/langaholt.is\/islenska\/gistirymum-ad-langaholti-fjolgad-um-helming-i-vetur\/\" title=\"Gistir\u00fdmum a\u00f0 Langaholti fj\u00f6lga\u00f0 um helming \u00ed vetur\">okt\u00f3ber 30, 2015<\/a>\n\t\t\t\t\t<\/div>\n\t\t\t    <\/div>\n\t\t\t    \t\t\t<\/div>\n\t\t\t<\/div>\n\t    <\/div>\n\t    \n\t<\/div>\n\n<\/div>\n\n<!-- End each blog post --><\/div>\n<div class=\"pagination blog-posts-grid_no_space\"><span class=\"current\">1<\/span><a href='https:\/\/langaholt.is\/islenska\/wp-json\/wp\/v2\/pages\/210\/page\/2\/' class=\"inactive\">2<\/a><\/div>\t\t\t<div class=\"pagination_detail blog-posts-grid_no_space\">\n\t\t    \tPage 1 of 2\t\t    <\/div>\n<br class=\"clear\"\/>\t\t\t\t<\/div>\n\t\t\t\t<\/div>\n\t\t\t\t\t<\/div>\n\t\t<\/div>\n\t\t\t\t\t<\/div>\n\t\t<\/section>\n\t\t\t\t<\/div>\n\t\t","protected":false},"excerpt":{"rendered":"<p>\u201eBj\u00fagu eru besti matur \u00ed heimi\u201c desember 20, 2019 Ramm\u00edslensk bj\u00fagnah\u00e1t\u00ed\u00f0 n\u00f3vember 29, 2019 Matrei\u00f0um helst ekkert \u00far p\u00f6kkum e\u00f0a d\u00f3sum n\u00f3vember 19, 2019 \u00cd Langaholti er \u00e1hersla \u00e1 matv\u00e6li \u00far h\u00e9ra\u00f0i okt\u00f3ber 9, 2017 Styttist \u00ed a\u00f0 st\u00e6rra h\u00f3telr\u00fdmi [&hellip;]<\/p>\n","protected":false},"author":1,"featured_media":2105,"parent":0,"menu_order":0,"comment_status":"closed","ping_status":"closed","template":"","meta":{"footnotes":""},"class_list":["post-210","page","type-page","status-publish","has-post-thumbnail","hentry"],"yoast_head":"<!-- This site is optimized with the Yoast SEO plugin v27.5 - https:\/\/yoast.com\/product\/yoast-seo-wordpress\/ -->\n<title>Greinar - Langaholt sveitah\u00f3tel<\/title>\n<meta name=\"robots\" content=\"index, follow, max-snippet:-1, max-image-preview:large, max-video-preview:-1\" \/>\n<link rel=\"canonical\" href=\"https:\/\/langaholt.is\/islenska\/greinar\/\" \/>\n<meta property=\"og:locale\" content=\"is_IS\" \/>\n<meta property=\"og:type\" content=\"article\" \/>\n<meta property=\"og:title\" content=\"Greinar - Langaholt sveitah\u00f3tel\" \/>\n<meta property=\"og:description\" content=\"\u201eBj\u00fagu eru besti matur \u00ed heimi\u201c desember 20, 2019 Ramm\u00edslensk bj\u00fagnah\u00e1t\u00ed\u00f0 n\u00f3vember 29, 2019 Matrei\u00f0um helst ekkert \u00far p\u00f6kkum e\u00f0a d\u00f3sum n\u00f3vember 19, 2019 \u00cd Langaholti er \u00e1hersla \u00e1 matv\u00e6li \u00far h\u00e9ra\u00f0i okt\u00f3ber 9, 2017 Styttist \u00ed a\u00f0 st\u00e6rra h\u00f3telr\u00fdmi [&hellip;]\" \/>\n<meta property=\"og:url\" content=\"https:\/\/langaholt.is\/islenska\/greinar\/\" \/>\n<meta property=\"og:site_name\" content=\"Langaholt sveitah\u00f3tel\" \/>\n<meta property=\"article:publisher\" content=\"https:\/\/www.facebook.com\/langaholt\/\" \/>\n<meta property=\"article:modified_time\" content=\"2020-04-24T10:41:23+00:00\" \/>\n<meta property=\"og:image\" content=\"https:\/\/langaholt.is\/islenska\/wp-content\/uploads\/2020\/02\/Langaholt-ofan-fra\u0301.jpg\" \/>\n\t<meta property=\"og:image:width\" content=\"1600\" \/>\n\t<meta property=\"og:image:height\" content=\"900\" \/>\n\t<meta property=\"og:image:type\" content=\"image\/jpeg\" \/>\n<meta name=\"twitter:card\" content=\"summary_large_image\" \/>\n<script type=\"application\/ld+json\" class=\"yoast-schema-graph\">{\"@context\":\"https:\\\/\\\/schema.org\",\"@graph\":[{\"@type\":\"WebPage\",\"@id\":\"https:\\\/\\\/langaholt.is\\\/islenska\\\/greinar\\\/\",\"url\":\"https:\\\/\\\/langaholt.is\\\/islenska\\\/greinar\\\/\",\"name\":\"Greinar - Langaholt sveitah\u00f3tel\",\"isPartOf\":{\"@id\":\"https:\\\/\\\/langaholt.is\\\/islenska\\\/#website\"},\"primaryImageOfPage\":{\"@id\":\"https:\\\/\\\/langaholt.is\\\/islenska\\\/greinar\\\/#primaryimage\"},\"image\":{\"@id\":\"https:\\\/\\\/langaholt.is\\\/islenska\\\/greinar\\\/#primaryimage\"},\"thumbnailUrl\":\"https:\\\/\\\/langaholt.is\\\/islenska\\\/wp-content\\\/uploads\\\/2020\\\/02\\\/Langaholt-ofan-fra\u0301.jpg\",\"datePublished\":\"2018-06-14T09:08:11+00:00\",\"dateModified\":\"2020-04-24T10:41:23+00:00\",\"breadcrumb\":{\"@id\":\"https:\\\/\\\/langaholt.is\\\/islenska\\\/greinar\\\/#breadcrumb\"},\"inLanguage\":\"is\",\"potentialAction\":[{\"@type\":\"ReadAction\",\"target\":[\"https:\\\/\\\/langaholt.is\\\/islenska\\\/greinar\\\/\"]}]},{\"@type\":\"ImageObject\",\"inLanguage\":\"is\",\"@id\":\"https:\\\/\\\/langaholt.is\\\/islenska\\\/greinar\\\/#primaryimage\",\"url\":\"https:\\\/\\\/langaholt.is\\\/islenska\\\/wp-content\\\/uploads\\\/2020\\\/02\\\/Langaholt-ofan-fra\u0301.jpg\",\"contentUrl\":\"https:\\\/\\\/langaholt.is\\\/islenska\\\/wp-content\\\/uploads\\\/2020\\\/02\\\/Langaholt-ofan-fra\u0301.jpg\",\"width\":1600,\"height\":900,\"caption\":\"Langaholt ofan fra\u0301\"},{\"@type\":\"BreadcrumbList\",\"@id\":\"https:\\\/\\\/langaholt.is\\\/islenska\\\/greinar\\\/#breadcrumb\",\"itemListElement\":[{\"@type\":\"ListItem\",\"position\":1,\"name\":\"Home\",\"item\":\"https:\\\/\\\/langaholt.is\\\/islenska\\\/\"},{\"@type\":\"ListItem\",\"position\":2,\"name\":\"Greinar\"}]},{\"@type\":\"WebSite\",\"@id\":\"https:\\\/\\\/langaholt.is\\\/islenska\\\/#website\",\"url\":\"https:\\\/\\\/langaholt.is\\\/islenska\\\/\",\"name\":\"Langaholt Sveitah\u00f3tel\",\"description\":\"Ekta \u00edslensk sveitah\u00f3tel \u00e1 Sn\u00e6fellsnesinu\",\"publisher\":{\"@id\":\"https:\\\/\\\/langaholt.is\\\/islenska\\\/#organization\"},\"potentialAction\":[{\"@type\":\"SearchAction\",\"target\":{\"@type\":\"EntryPoint\",\"urlTemplate\":\"https:\\\/\\\/langaholt.is\\\/islenska\\\/?s={search_term_string}\"},\"query-input\":{\"@type\":\"PropertyValueSpecification\",\"valueRequired\":true,\"valueName\":\"search_term_string\"}}],\"inLanguage\":\"is\"},{\"@type\":\"Organization\",\"@id\":\"https:\\\/\\\/langaholt.is\\\/islenska\\\/#organization\",\"name\":\"Langaholt\",\"url\":\"https:\\\/\\\/langaholt.is\\\/islenska\\\/\",\"logo\":{\"@type\":\"ImageObject\",\"inLanguage\":\"is\",\"@id\":\"https:\\\/\\\/langaholt.is\\\/islenska\\\/#\\\/schema\\\/logo\\\/image\\\/\",\"url\":\"https:\\\/\\\/langaholt.is\\\/islenska\\\/wp-content\\\/uploads\\\/2020\\\/02\\\/Langaholt-logo-vefur.jpg\",\"contentUrl\":\"https:\\\/\\\/langaholt.is\\\/islenska\\\/wp-content\\\/uploads\\\/2020\\\/02\\\/Langaholt-logo-vefur.jpg\",\"width\":261,\"height\":85,\"caption\":\"Langaholt\"},\"image\":{\"@id\":\"https:\\\/\\\/langaholt.is\\\/islenska\\\/#\\\/schema\\\/logo\\\/image\\\/\"},\"sameAs\":[\"https:\\\/\\\/www.facebook.com\\\/langaholt\\\/\",\"https:\\\/\\\/www.instagram.com\\\/langaholt\\\/\"]}]}<\/script>\n<!-- \/ Yoast SEO plugin. -->","yoast_head_json":{"title":"Greinar - Langaholt sveitah\u00f3tel","robots":{"index":"index","follow":"follow","max-snippet":"max-snippet:-1","max-image-preview":"max-image-preview:large","max-video-preview":"max-video-preview:-1"},"canonical":"https:\/\/langaholt.is\/islenska\/greinar\/","og_locale":"is_IS","og_type":"article","og_title":"Greinar - Langaholt sveitah\u00f3tel","og_description":"\u201eBj\u00fagu eru besti matur \u00ed heimi\u201c desember 20, 2019 Ramm\u00edslensk bj\u00fagnah\u00e1t\u00ed\u00f0 n\u00f3vember 29, 2019 Matrei\u00f0um helst ekkert \u00far p\u00f6kkum e\u00f0a d\u00f3sum n\u00f3vember 19, 2019 \u00cd Langaholti er \u00e1hersla \u00e1 matv\u00e6li \u00far h\u00e9ra\u00f0i okt\u00f3ber 9, 2017 Styttist \u00ed a\u00f0 st\u00e6rra h\u00f3telr\u00fdmi [&hellip;]","og_url":"https:\/\/langaholt.is\/islenska\/greinar\/","og_site_name":"Langaholt sveitah\u00f3tel","article_publisher":"https:\/\/www.facebook.com\/langaholt\/","article_modified_time":"2020-04-24T10:41:23+00:00","og_image":[{"width":1600,"height":900,"url":"https:\/\/langaholt.is\/islenska\/wp-content\/uploads\/2020\/02\/Langaholt-ofan-fra\u0301.jpg","type":"image\/jpeg"}],"twitter_card":"summary_large_image","schema":{"@context":"https:\/\/schema.org","@graph":[{"@type":"WebPage","@id":"https:\/\/langaholt.is\/islenska\/greinar\/","url":"https:\/\/langaholt.is\/islenska\/greinar\/","name":"Greinar - Langaholt sveitah\u00f3tel","isPartOf":{"@id":"https:\/\/langaholt.is\/islenska\/#website"},"primaryImageOfPage":{"@id":"https:\/\/langaholt.is\/islenska\/greinar\/#primaryimage"},"image":{"@id":"https:\/\/langaholt.is\/islenska\/greinar\/#primaryimage"},"thumbnailUrl":"https:\/\/langaholt.is\/islenska\/wp-content\/uploads\/2020\/02\/Langaholt-ofan-fra\u0301.jpg","datePublished":"2018-06-14T09:08:11+00:00","dateModified":"2020-04-24T10:41:23+00:00","breadcrumb":{"@id":"https:\/\/langaholt.is\/islenska\/greinar\/#breadcrumb"},"inLanguage":"is","potentialAction":[{"@type":"ReadAction","target":["https:\/\/langaholt.is\/islenska\/greinar\/"]}]},{"@type":"ImageObject","inLanguage":"is","@id":"https:\/\/langaholt.is\/islenska\/greinar\/#primaryimage","url":"https:\/\/langaholt.is\/islenska\/wp-content\/uploads\/2020\/02\/Langaholt-ofan-fra\u0301.jpg","contentUrl":"https:\/\/langaholt.is\/islenska\/wp-content\/uploads\/2020\/02\/Langaholt-ofan-fra\u0301.jpg","width":1600,"height":900,"caption":"Langaholt ofan fra\u0301"},{"@type":"BreadcrumbList","@id":"https:\/\/langaholt.is\/islenska\/greinar\/#breadcrumb","itemListElement":[{"@type":"ListItem","position":1,"name":"Home","item":"https:\/\/langaholt.is\/islenska\/"},{"@type":"ListItem","position":2,"name":"Greinar"}]},{"@type":"WebSite","@id":"https:\/\/langaholt.is\/islenska\/#website","url":"https:\/\/langaholt.is\/islenska\/","name":"Langaholt Sveitah\u00f3tel","description":"Ekta \u00edslensk sveitah\u00f3tel \u00e1 Sn\u00e6fellsnesinu","publisher":{"@id":"https:\/\/langaholt.is\/islenska\/#organization"},"potentialAction":[{"@type":"SearchAction","target":{"@type":"EntryPoint","urlTemplate":"https:\/\/langaholt.is\/islenska\/?s={search_term_string}"},"query-input":{"@type":"PropertyValueSpecification","valueRequired":true,"valueName":"search_term_string"}}],"inLanguage":"is"},{"@type":"Organization","@id":"https:\/\/langaholt.is\/islenska\/#organization","name":"Langaholt","url":"https:\/\/langaholt.is\/islenska\/","logo":{"@type":"ImageObject","inLanguage":"is","@id":"https:\/\/langaholt.is\/islenska\/#\/schema\/logo\/image\/","url":"https:\/\/langaholt.is\/islenska\/wp-content\/uploads\/2020\/02\/Langaholt-logo-vefur.jpg","contentUrl":"https:\/\/langaholt.is\/islenska\/wp-content\/uploads\/2020\/02\/Langaholt-logo-vefur.jpg","width":261,"height":85,"caption":"Langaholt"},"image":{"@id":"https:\/\/langaholt.is\/islenska\/#\/schema\/logo\/image\/"},"sameAs":["https:\/\/www.facebook.com\/langaholt\/","https:\/\/www.instagram.com\/langaholt\/"]}]}},"_links":{"self":[{"href":"https:\/\/langaholt.is\/islenska\/wp-json\/wp\/v2\/pages\/210","targetHints":{"allow":["GET"]}}],"collection":[{"href":"https:\/\/langaholt.is\/islenska\/wp-json\/wp\/v2\/pages"}],"about":[{"href":"https:\/\/langaholt.is\/islenska\/wp-json\/wp\/v2\/types\/page"}],"author":[{"embeddable":true,"href":"https:\/\/langaholt.is\/islenska\/wp-json\/wp\/v2\/users\/1"}],"replies":[{"embeddable":true,"href":"https:\/\/langaholt.is\/islenska\/wp-json\/wp\/v2\/comments?post=210"}],"version-history":[{"count":4,"href":"https:\/\/langaholt.is\/islenska\/wp-json\/wp\/v2\/pages\/210\/revisions"}],"predecessor-version":[{"id":2181,"href":"https:\/\/langaholt.is\/islenska\/wp-json\/wp\/v2\/pages\/210\/revisions\/2181"}],"wp:featuredmedia":[{"embeddable":true,"href":"https:\/\/langaholt.is\/islenska\/wp-json\/wp\/v2\/media\/2105"}],"wp:attachment":[{"href":"https:\/\/langaholt.is\/islenska\/wp-json\/wp\/v2\/media?parent=210"}],"curies":[{"name":"wp","href":"https:\/\/api.w.org\/{rel}","templated":true}]}}