{"id":2325,"date":"2020-05-21T14:45:25","date_gmt":"2020-05-21T14:45:25","guid":{"rendered":"https:\/\/langaholt.is\/islenska\/?page_id=2325"},"modified":"2020-05-21T14:48:30","modified_gmt":"2020-05-21T14:48:30","slug":"hvalaskodun-a-holmavik","status":"publish","type":"page","link":"https:\/\/langaholt.is\/islenska\/hvalaskodun-a-holmavik\/","title":{"rendered":"Hvalasko\u00f0un \u00e1 H\u00f3lmav\u00edk"},"content":{"rendered":"\t\t<div data-elementor-type=\"wp-post\" data-elementor-id=\"2325\" class=\"elementor elementor-2325\">\n\t\t\t\t\t\t<section class=\"elementor-section elementor-top-section elementor-element elementor-element-2ca8a818 elementor-section-stretched elementor-section-height-min-height elementor-section-boxed elementor-section-height-default elementor-section-items-middle\" data-id=\"2ca8a818\" data-element_type=\"section\" data-e-type=\"section\" data-settings=\"{&quot;stretch_section&quot;:&quot;section-stretched&quot;,&quot;background_background&quot;:&quot;classic&quot;,&quot;hoteller_ext_is_background_parallax&quot;:&quot;false&quot;,&quot;hoteller_ext_is_background_on_scroll&quot;:&quot;false&quot;}\">\n\t\t\t\t\t\t\t<div class=\"elementor-background-overlay\"><\/div>\n\t\t\t\t\t\t\t<div class=\"elementor-container elementor-column-gap-default\">\n\t\t\t\t\t<div class=\"elementor-column elementor-col-100 elementor-top-column elementor-element elementor-element-5231de89\" data-id=\"5231de89\" data-element_type=\"column\" data-e-type=\"column\" data-settings=\"{&quot;hoteller_ext_link_sidemenu&quot;:&quot;false&quot;,&quot;hoteller_ext_link_fullmenu&quot;:&quot;false&quot;,&quot;hoteller_ext_link_closed_fullmenu&quot;:&quot;false&quot;,&quot;hoteller_ext_is_scrollme&quot;:&quot;false&quot;,&quot;hoteller_ext_is_smoove&quot;:&quot;false&quot;,&quot;hoteller_ext_is_parallax_mouse&quot;:&quot;false&quot;,&quot;hoteller_ext_is_infinite&quot;:&quot;false&quot;,&quot;hoteller_ext_is_fadeout_animation&quot;:&quot;false&quot;,&quot;hoteller_ext_mobile_static&quot;:&quot;false&quot;}\">\n\t\t\t<div class=\"elementor-widget-wrap elementor-element-populated\">\n\t\t\t\t\t\t<div class=\"elementor-element elementor-element-4b89cec0 elementor-invisible elementor-widget elementor-widget-heading\" data-id=\"4b89cec0\" data-element_type=\"widget\" data-e-type=\"widget\" data-settings=\"{&quot;_animation&quot;:&quot;fadeInUp&quot;,&quot;hoteller_ext_link_sidemenu&quot;:&quot;false&quot;,&quot;hoteller_ext_link_fullmenu&quot;:&quot;false&quot;,&quot;hoteller_ext_link_closed_fullmenu&quot;:&quot;false&quot;,&quot;hoteller_ext_is_scrollme&quot;:&quot;false&quot;,&quot;hoteller_ext_is_smoove&quot;:&quot;false&quot;,&quot;hoteller_ext_is_parallax_mouse&quot;:&quot;false&quot;,&quot;hoteller_ext_is_infinite&quot;:&quot;false&quot;,&quot;hoteller_ext_is_fadeout_animation&quot;:&quot;false&quot;,&quot;hoteller_ext_mobile_static&quot;:&quot;false&quot;}\" data-widget_type=\"heading.default\">\n\t\t\t\t<div class=\"elementor-widget-container\">\n\t\t\t\t\t<h1 class=\"elementor-heading-title elementor-size-default\">Hvalasko\u00f0un \u00e1 H\u00f3lmav\u00edk<\/h1>\t\t\t\t<\/div>\n\t\t\t\t<\/div>\n\t\t\t\t<div class=\"elementor-element elementor-element-7075b3c6 elementor-invisible elementor-widget elementor-widget-heading\" data-id=\"7075b3c6\" data-element_type=\"widget\" data-e-type=\"widget\" data-settings=\"{&quot;_animation&quot;:&quot;fadeInUp&quot;,&quot;_animation_delay&quot;:400,&quot;hoteller_ext_link_sidemenu&quot;:&quot;false&quot;,&quot;hoteller_ext_link_fullmenu&quot;:&quot;false&quot;,&quot;hoteller_ext_link_closed_fullmenu&quot;:&quot;false&quot;,&quot;hoteller_ext_is_scrollme&quot;:&quot;false&quot;,&quot;hoteller_ext_is_smoove&quot;:&quot;false&quot;,&quot;hoteller_ext_is_parallax_mouse&quot;:&quot;false&quot;,&quot;hoteller_ext_is_infinite&quot;:&quot;false&quot;,&quot;hoteller_ext_is_fadeout_animation&quot;:&quot;false&quot;,&quot;hoteller_ext_mobile_static&quot;:&quot;false&quot;}\" data-widget_type=\"heading.default\">\n\t\t\t\t<div class=\"elementor-widget-container\">\n\t\t\t\t\t<h5 class=\"elementor-heading-title elementor-size-default\">Langaholt<\/h5>\t\t\t\t<\/div>\n\t\t\t\t<\/div>\n\t\t\t\t\t<\/div>\n\t\t<\/div>\n\t\t\t\t\t<\/div>\n\t\t<\/section>\n\t\t\t\t<section class=\"elementor-section elementor-top-section elementor-element elementor-element-811e8f5 elementor-section-boxed elementor-section-height-default elementor-section-height-default\" data-id=\"811e8f5\" data-element_type=\"section\" data-e-type=\"section\" data-settings=\"{&quot;hoteller_ext_is_background_parallax&quot;:&quot;false&quot;,&quot;hoteller_ext_is_background_on_scroll&quot;:&quot;false&quot;}\">\n\t\t\t\t\t\t<div class=\"elementor-container elementor-column-gap-default\">\n\t\t\t\t\t<div class=\"elementor-column elementor-col-100 elementor-top-column elementor-element elementor-element-3eaa06d\" data-id=\"3eaa06d\" data-element_type=\"column\" data-e-type=\"column\" data-settings=\"{&quot;hoteller_ext_link_sidemenu&quot;:&quot;false&quot;,&quot;hoteller_ext_link_fullmenu&quot;:&quot;false&quot;,&quot;hoteller_ext_link_closed_fullmenu&quot;:&quot;false&quot;,&quot;hoteller_ext_is_scrollme&quot;:&quot;false&quot;,&quot;hoteller_ext_is_smoove&quot;:&quot;false&quot;,&quot;hoteller_ext_is_parallax_mouse&quot;:&quot;false&quot;,&quot;hoteller_ext_is_infinite&quot;:&quot;false&quot;,&quot;hoteller_ext_is_fadeout_animation&quot;:&quot;false&quot;,&quot;hoteller_ext_mobile_static&quot;:&quot;false&quot;}\">\n\t\t\t<div class=\"elementor-widget-wrap elementor-element-populated\">\n\t\t\t\t\t\t<div class=\"elementor-element elementor-element-12e70e6 elementor-widget elementor-widget-spacer\" data-id=\"12e70e6\" data-element_type=\"widget\" data-e-type=\"widget\" data-settings=\"{&quot;hoteller_ext_link_sidemenu&quot;:&quot;false&quot;,&quot;hoteller_ext_link_fullmenu&quot;:&quot;false&quot;,&quot;hoteller_ext_link_closed_fullmenu&quot;:&quot;false&quot;,&quot;hoteller_ext_is_scrollme&quot;:&quot;false&quot;,&quot;hoteller_ext_is_smoove&quot;:&quot;false&quot;,&quot;hoteller_ext_is_parallax_mouse&quot;:&quot;false&quot;,&quot;hoteller_ext_is_infinite&quot;:&quot;false&quot;,&quot;hoteller_ext_is_fadeout_animation&quot;:&quot;false&quot;,&quot;hoteller_ext_mobile_static&quot;:&quot;false&quot;}\" data-widget_type=\"spacer.default\">\n\t\t\t\t<div class=\"elementor-widget-container\">\n\t\t\t\t\t\t\t<div class=\"elementor-spacer\">\n\t\t\t<div class=\"elementor-spacer-inner\"><\/div>\n\t\t<\/div>\n\t\t\t\t\t\t<\/div>\n\t\t\t\t<\/div>\n\t\t\t\t<div class=\"elementor-element elementor-element-27df9c6 elementor-widget elementor-widget-heading\" data-id=\"27df9c6\" data-element_type=\"widget\" data-e-type=\"widget\" data-settings=\"{&quot;hoteller_ext_link_sidemenu&quot;:&quot;false&quot;,&quot;hoteller_ext_link_fullmenu&quot;:&quot;false&quot;,&quot;hoteller_ext_link_closed_fullmenu&quot;:&quot;false&quot;,&quot;hoteller_ext_is_scrollme&quot;:&quot;false&quot;,&quot;hoteller_ext_is_smoove&quot;:&quot;false&quot;,&quot;hoteller_ext_is_parallax_mouse&quot;:&quot;false&quot;,&quot;hoteller_ext_is_infinite&quot;:&quot;false&quot;,&quot;hoteller_ext_is_fadeout_animation&quot;:&quot;false&quot;,&quot;hoteller_ext_mobile_static&quot;:&quot;false&quot;}\" data-widget_type=\"heading.default\">\n\t\t\t\t<div class=\"elementor-widget-container\">\n\t\t\t\t\t<h2 class=\"elementor-heading-title elementor-size-default\">St\u00f3rskemmtileg upplifun \u00ed hvalasko\u00f0un \u00e1 H\u00f3lmav\u00edk.<\/h2>\t\t\t\t<\/div>\n\t\t\t\t<\/div>\n\t\t\t\t<div class=\"elementor-element elementor-element-16376d5 elementor-widget-divider--view-line elementor-widget elementor-widget-divider\" data-id=\"16376d5\" data-element_type=\"widget\" data-e-type=\"widget\" data-settings=\"{&quot;hoteller_ext_link_sidemenu&quot;:&quot;false&quot;,&quot;hoteller_ext_link_fullmenu&quot;:&quot;false&quot;,&quot;hoteller_ext_link_closed_fullmenu&quot;:&quot;false&quot;,&quot;hoteller_ext_is_scrollme&quot;:&quot;false&quot;,&quot;hoteller_ext_is_smoove&quot;:&quot;false&quot;,&quot;hoteller_ext_is_parallax_mouse&quot;:&quot;false&quot;,&quot;hoteller_ext_is_infinite&quot;:&quot;false&quot;,&quot;hoteller_ext_is_fadeout_animation&quot;:&quot;false&quot;,&quot;hoteller_ext_mobile_static&quot;:&quot;false&quot;}\" data-widget_type=\"divider.default\">\n\t\t\t\t<div class=\"elementor-widget-container\">\n\t\t\t\t\t\t\t<div class=\"elementor-divider\">\n\t\t\t<span class=\"elementor-divider-separator\">\n\t\t\t\t\t\t<\/span>\n\t\t<\/div>\n\t\t\t\t\t\t<\/div>\n\t\t\t\t<\/div>\n\t\t\t\t<div class=\"elementor-element elementor-element-0697505 elementor-widget elementor-widget-html\" data-id=\"0697505\" data-element_type=\"widget\" data-e-type=\"widget\" data-settings=\"{&quot;hoteller_ext_link_sidemenu&quot;:&quot;false&quot;,&quot;hoteller_ext_link_fullmenu&quot;:&quot;false&quot;,&quot;hoteller_ext_link_closed_fullmenu&quot;:&quot;false&quot;,&quot;hoteller_ext_is_scrollme&quot;:&quot;false&quot;,&quot;hoteller_ext_is_smoove&quot;:&quot;false&quot;,&quot;hoteller_ext_is_parallax_mouse&quot;:&quot;false&quot;,&quot;hoteller_ext_is_infinite&quot;:&quot;false&quot;,&quot;hoteller_ext_is_fadeout_animation&quot;:&quot;false&quot;,&quot;hoteller_ext_mobile_static&quot;:&quot;false&quot;}\" data-widget_type=\"html.default\">\n\t\t\t\t<div class=\"elementor-widget-container\">\n\t\t\t\t\t<script type=\"text\/javascript\" src=\"https:\/\/widgets.bokun.io\/assets\/javascripts\/apps\/build\/BokunWidgetsLoader.js?bookingChannelUUID=0d4508f2-0b58-4a37-96b8-9a00a94734ec\" async><\/script>\n     \n    <div class=\"bokunWidget\" data-src=\"https:\/\/widgets.bokun.io\/online-sales\/0d4508f2-0b58-4a37-96b8-9a00a94734ec\/experience\/1027\"><\/div>\n    <noscript>Please enable javascript in your browser to book<\/noscript>\n\t\t\t\t<\/div>\n\t\t\t\t<\/div>\n\t\t\t\t\t<\/div>\n\t\t<\/div>\n\t\t\t\t\t<\/div>\n\t\t<\/section>\n\t\t\t\t<\/div>\n\t\t","protected":false},"excerpt":{"rendered":"<p>Hvalasko\u00f0un \u00e1 H\u00f3lmav\u00edk Langaholt St\u00f3rskemmtileg upplifun \u00ed hvalasko\u00f0un \u00e1 H\u00f3lmav\u00edk. Please enable javascript in your browser to book<\/p>\n","protected":false},"author":1,"featured_media":2313,"parent":0,"menu_order":0,"comment_status":"closed","ping_status":"closed","template":"","meta":{"footnotes":""},"class_list":["post-2325","page","type-page","status-publish","has-post-thumbnail","hentry"],"yoast_head":"<!-- This site is optimized with the Yoast SEO plugin v27.5 - https:\/\/yoast.com\/product\/yoast-seo-wordpress\/ -->\n<title>Hvalasko\u00f0un \u00e1 H\u00f3lmav\u00edk - Langaholt sveitah\u00f3tel<\/title>\n<meta name=\"description\" content=\"Hi\u00f0 s\u00edvins\u00e6la fiskihla\u00f0bor\u00f0 Langaholts er komi\u00f0 aftur af sta\u00f0! \u00de\u00fa ver\u00f0ur ekki svikinn af upplifun og g\u00e6\u00f0um. Hvert fiskihla\u00f0bor\u00f0 ver\u00f0ur spennandi \u00f3vissufer\u00f0 fyrir brag\u00f0laukana.\" \/>\n<meta name=\"robots\" content=\"index, follow, max-snippet:-1, max-image-preview:large, max-video-preview:-1\" \/>\n<link rel=\"canonical\" href=\"https:\/\/langaholt.is\/islenska\/hvalaskodun-a-holmavik\/\" \/>\n<meta property=\"og:locale\" content=\"is_IS\" \/>\n<meta property=\"og:type\" content=\"article\" \/>\n<meta property=\"og:title\" content=\"Hvalasko\u00f0un \u00e1 H\u00f3lmav\u00edk - Langaholt sveitah\u00f3tel\" \/>\n<meta property=\"og:description\" content=\"Hi\u00f0 s\u00edvins\u00e6la fiskihla\u00f0bor\u00f0 Langaholts er komi\u00f0 aftur af sta\u00f0! \u00de\u00fa ver\u00f0ur ekki svikinn af upplifun og g\u00e6\u00f0um. Hvert fiskihla\u00f0bor\u00f0 ver\u00f0ur spennandi \u00f3vissufer\u00f0 fyrir brag\u00f0laukana.\" \/>\n<meta property=\"og:url\" content=\"https:\/\/langaholt.is\/islenska\/hvalaskodun-a-holmavik\/\" \/>\n<meta property=\"og:site_name\" content=\"Langaholt sveitah\u00f3tel\" \/>\n<meta property=\"article:publisher\" content=\"https:\/\/www.facebook.com\/langaholt\/\" \/>\n<meta property=\"article:modified_time\" content=\"2020-05-21T14:48:30+00:00\" \/>\n<meta property=\"og:image\" content=\"https:\/\/langaholt.is\/islenska\/wp-content\/uploads\/2020\/05\/1e53adaf-a7ed-4102-b2c1-a0661fc59ecd-1024x576-1.jpg\" \/>\n\t<meta property=\"og:image:width\" content=\"1024\" \/>\n\t<meta property=\"og:image:height\" content=\"576\" \/>\n\t<meta property=\"og:image:type\" content=\"image\/jpeg\" \/>\n<meta name=\"twitter:card\" content=\"summary_large_image\" \/>\n<script type=\"application\/ld+json\" class=\"yoast-schema-graph\">{\"@context\":\"https:\\\/\\\/schema.org\",\"@graph\":[{\"@type\":\"WebPage\",\"@id\":\"https:\\\/\\\/langaholt.is\\\/islenska\\\/hvalaskodun-a-holmavik\\\/\",\"url\":\"https:\\\/\\\/langaholt.is\\\/islenska\\\/hvalaskodun-a-holmavik\\\/\",\"name\":\"Hvalasko\u00f0un \u00e1 H\u00f3lmav\u00edk - Langaholt sveitah\u00f3tel\",\"isPartOf\":{\"@id\":\"https:\\\/\\\/langaholt.is\\\/islenska\\\/#website\"},\"primaryImageOfPage\":{\"@id\":\"https:\\\/\\\/langaholt.is\\\/islenska\\\/hvalaskodun-a-holmavik\\\/#primaryimage\"},\"image\":{\"@id\":\"https:\\\/\\\/langaholt.is\\\/islenska\\\/hvalaskodun-a-holmavik\\\/#primaryimage\"},\"thumbnailUrl\":\"https:\\\/\\\/langaholt.is\\\/islenska\\\/wp-content\\\/uploads\\\/2020\\\/05\\\/1e53adaf-a7ed-4102-b2c1-a0661fc59ecd-1024x576-1.jpg\",\"datePublished\":\"2020-05-21T14:45:25+00:00\",\"dateModified\":\"2020-05-21T14:48:30+00:00\",\"description\":\"Hi\u00f0 s\u00edvins\u00e6la fiskihla\u00f0bor\u00f0 Langaholts er komi\u00f0 aftur af sta\u00f0! \u00de\u00fa ver\u00f0ur ekki svikinn af upplifun og g\u00e6\u00f0um. Hvert fiskihla\u00f0bor\u00f0 ver\u00f0ur spennandi \u00f3vissufer\u00f0 fyrir brag\u00f0laukana.\",\"breadcrumb\":{\"@id\":\"https:\\\/\\\/langaholt.is\\\/islenska\\\/hvalaskodun-a-holmavik\\\/#breadcrumb\"},\"inLanguage\":\"is\",\"potentialAction\":[{\"@type\":\"ReadAction\",\"target\":[\"https:\\\/\\\/langaholt.is\\\/islenska\\\/hvalaskodun-a-holmavik\\\/\"]}]},{\"@type\":\"ImageObject\",\"inLanguage\":\"is\",\"@id\":\"https:\\\/\\\/langaholt.is\\\/islenska\\\/hvalaskodun-a-holmavik\\\/#primaryimage\",\"url\":\"https:\\\/\\\/langaholt.is\\\/islenska\\\/wp-content\\\/uploads\\\/2020\\\/05\\\/1e53adaf-a7ed-4102-b2c1-a0661fc59ecd-1024x576-1.jpg\",\"contentUrl\":\"https:\\\/\\\/langaholt.is\\\/islenska\\\/wp-content\\\/uploads\\\/2020\\\/05\\\/1e53adaf-a7ed-4102-b2c1-a0661fc59ecd-1024x576-1.jpg\",\"width\":1024,\"height\":576},{\"@type\":\"BreadcrumbList\",\"@id\":\"https:\\\/\\\/langaholt.is\\\/islenska\\\/hvalaskodun-a-holmavik\\\/#breadcrumb\",\"itemListElement\":[{\"@type\":\"ListItem\",\"position\":1,\"name\":\"Home\",\"item\":\"https:\\\/\\\/langaholt.is\\\/islenska\\\/\"},{\"@type\":\"ListItem\",\"position\":2,\"name\":\"Hvalasko\u00f0un \u00e1 H\u00f3lmav\u00edk\"}]},{\"@type\":\"WebSite\",\"@id\":\"https:\\\/\\\/langaholt.is\\\/islenska\\\/#website\",\"url\":\"https:\\\/\\\/langaholt.is\\\/islenska\\\/\",\"name\":\"Langaholt Sveitah\u00f3tel\",\"description\":\"Ekta \u00edslensk sveitah\u00f3tel \u00e1 Sn\u00e6fellsnesinu\",\"publisher\":{\"@id\":\"https:\\\/\\\/langaholt.is\\\/islenska\\\/#organization\"},\"potentialAction\":[{\"@type\":\"SearchAction\",\"target\":{\"@type\":\"EntryPoint\",\"urlTemplate\":\"https:\\\/\\\/langaholt.is\\\/islenska\\\/?s={search_term_string}\"},\"query-input\":{\"@type\":\"PropertyValueSpecification\",\"valueRequired\":true,\"valueName\":\"search_term_string\"}}],\"inLanguage\":\"is\"},{\"@type\":\"Organization\",\"@id\":\"https:\\\/\\\/langaholt.is\\\/islenska\\\/#organization\",\"name\":\"Langaholt\",\"url\":\"https:\\\/\\\/langaholt.is\\\/islenska\\\/\",\"logo\":{\"@type\":\"ImageObject\",\"inLanguage\":\"is\",\"@id\":\"https:\\\/\\\/langaholt.is\\\/islenska\\\/#\\\/schema\\\/logo\\\/image\\\/\",\"url\":\"https:\\\/\\\/langaholt.is\\\/islenska\\\/wp-content\\\/uploads\\\/2020\\\/02\\\/Langaholt-logo-vefur.jpg\",\"contentUrl\":\"https:\\\/\\\/langaholt.is\\\/islenska\\\/wp-content\\\/uploads\\\/2020\\\/02\\\/Langaholt-logo-vefur.jpg\",\"width\":261,\"height\":85,\"caption\":\"Langaholt\"},\"image\":{\"@id\":\"https:\\\/\\\/langaholt.is\\\/islenska\\\/#\\\/schema\\\/logo\\\/image\\\/\"},\"sameAs\":[\"https:\\\/\\\/www.facebook.com\\\/langaholt\\\/\",\"https:\\\/\\\/www.instagram.com\\\/langaholt\\\/\"]}]}<\/script>\n<!-- \/ Yoast SEO plugin. -->","yoast_head_json":{"title":"Hvalasko\u00f0un \u00e1 H\u00f3lmav\u00edk - Langaholt sveitah\u00f3tel","description":"Hi\u00f0 s\u00edvins\u00e6la fiskihla\u00f0bor\u00f0 Langaholts er komi\u00f0 aftur af sta\u00f0! \u00de\u00fa ver\u00f0ur ekki svikinn af upplifun og g\u00e6\u00f0um. Hvert fiskihla\u00f0bor\u00f0 ver\u00f0ur spennandi \u00f3vissufer\u00f0 fyrir brag\u00f0laukana.","robots":{"index":"index","follow":"follow","max-snippet":"max-snippet:-1","max-image-preview":"max-image-preview:large","max-video-preview":"max-video-preview:-1"},"canonical":"https:\/\/langaholt.is\/islenska\/hvalaskodun-a-holmavik\/","og_locale":"is_IS","og_type":"article","og_title":"Hvalasko\u00f0un \u00e1 H\u00f3lmav\u00edk - Langaholt sveitah\u00f3tel","og_description":"Hi\u00f0 s\u00edvins\u00e6la fiskihla\u00f0bor\u00f0 Langaholts er komi\u00f0 aftur af sta\u00f0! \u00de\u00fa ver\u00f0ur ekki svikinn af upplifun og g\u00e6\u00f0um. Hvert fiskihla\u00f0bor\u00f0 ver\u00f0ur spennandi \u00f3vissufer\u00f0 fyrir brag\u00f0laukana.","og_url":"https:\/\/langaholt.is\/islenska\/hvalaskodun-a-holmavik\/","og_site_name":"Langaholt sveitah\u00f3tel","article_publisher":"https:\/\/www.facebook.com\/langaholt\/","article_modified_time":"2020-05-21T14:48:30+00:00","og_image":[{"width":1024,"height":576,"url":"https:\/\/langaholt.is\/islenska\/wp-content\/uploads\/2020\/05\/1e53adaf-a7ed-4102-b2c1-a0661fc59ecd-1024x576-1.jpg","type":"image\/jpeg"}],"twitter_card":"summary_large_image","schema":{"@context":"https:\/\/schema.org","@graph":[{"@type":"WebPage","@id":"https:\/\/langaholt.is\/islenska\/hvalaskodun-a-holmavik\/","url":"https:\/\/langaholt.is\/islenska\/hvalaskodun-a-holmavik\/","name":"Hvalasko\u00f0un \u00e1 H\u00f3lmav\u00edk - Langaholt sveitah\u00f3tel","isPartOf":{"@id":"https:\/\/langaholt.is\/islenska\/#website"},"primaryImageOfPage":{"@id":"https:\/\/langaholt.is\/islenska\/hvalaskodun-a-holmavik\/#primaryimage"},"image":{"@id":"https:\/\/langaholt.is\/islenska\/hvalaskodun-a-holmavik\/#primaryimage"},"thumbnailUrl":"https:\/\/langaholt.is\/islenska\/wp-content\/uploads\/2020\/05\/1e53adaf-a7ed-4102-b2c1-a0661fc59ecd-1024x576-1.jpg","datePublished":"2020-05-21T14:45:25+00:00","dateModified":"2020-05-21T14:48:30+00:00","description":"Hi\u00f0 s\u00edvins\u00e6la fiskihla\u00f0bor\u00f0 Langaholts er komi\u00f0 aftur af sta\u00f0! \u00de\u00fa ver\u00f0ur ekki svikinn af upplifun og g\u00e6\u00f0um. Hvert fiskihla\u00f0bor\u00f0 ver\u00f0ur spennandi \u00f3vissufer\u00f0 fyrir brag\u00f0laukana.","breadcrumb":{"@id":"https:\/\/langaholt.is\/islenska\/hvalaskodun-a-holmavik\/#breadcrumb"},"inLanguage":"is","potentialAction":[{"@type":"ReadAction","target":["https:\/\/langaholt.is\/islenska\/hvalaskodun-a-holmavik\/"]}]},{"@type":"ImageObject","inLanguage":"is","@id":"https:\/\/langaholt.is\/islenska\/hvalaskodun-a-holmavik\/#primaryimage","url":"https:\/\/langaholt.is\/islenska\/wp-content\/uploads\/2020\/05\/1e53adaf-a7ed-4102-b2c1-a0661fc59ecd-1024x576-1.jpg","contentUrl":"https:\/\/langaholt.is\/islenska\/wp-content\/uploads\/2020\/05\/1e53adaf-a7ed-4102-b2c1-a0661fc59ecd-1024x576-1.jpg","width":1024,"height":576},{"@type":"BreadcrumbList","@id":"https:\/\/langaholt.is\/islenska\/hvalaskodun-a-holmavik\/#breadcrumb","itemListElement":[{"@type":"ListItem","position":1,"name":"Home","item":"https:\/\/langaholt.is\/islenska\/"},{"@type":"ListItem","position":2,"name":"Hvalasko\u00f0un \u00e1 H\u00f3lmav\u00edk"}]},{"@type":"WebSite","@id":"https:\/\/langaholt.is\/islenska\/#website","url":"https:\/\/langaholt.is\/islenska\/","name":"Langaholt Sveitah\u00f3tel","description":"Ekta \u00edslensk sveitah\u00f3tel \u00e1 Sn\u00e6fellsnesinu","publisher":{"@id":"https:\/\/langaholt.is\/islenska\/#organization"},"potentialAction":[{"@type":"SearchAction","target":{"@type":"EntryPoint","urlTemplate":"https:\/\/langaholt.is\/islenska\/?s={search_term_string}"},"query-input":{"@type":"PropertyValueSpecification","valueRequired":true,"valueName":"search_term_string"}}],"inLanguage":"is"},{"@type":"Organization","@id":"https:\/\/langaholt.is\/islenska\/#organization","name":"Langaholt","url":"https:\/\/langaholt.is\/islenska\/","logo":{"@type":"ImageObject","inLanguage":"is","@id":"https:\/\/langaholt.is\/islenska\/#\/schema\/logo\/image\/","url":"https:\/\/langaholt.is\/islenska\/wp-content\/uploads\/2020\/02\/Langaholt-logo-vefur.jpg","contentUrl":"https:\/\/langaholt.is\/islenska\/wp-content\/uploads\/2020\/02\/Langaholt-logo-vefur.jpg","width":261,"height":85,"caption":"Langaholt"},"image":{"@id":"https:\/\/langaholt.is\/islenska\/#\/schema\/logo\/image\/"},"sameAs":["https:\/\/www.facebook.com\/langaholt\/","https:\/\/www.instagram.com\/langaholt\/"]}]}},"_links":{"self":[{"href":"https:\/\/langaholt.is\/islenska\/wp-json\/wp\/v2\/pages\/2325","targetHints":{"allow":["GET"]}}],"collection":[{"href":"https:\/\/langaholt.is\/islenska\/wp-json\/wp\/v2\/pages"}],"about":[{"href":"https:\/\/langaholt.is\/islenska\/wp-json\/wp\/v2\/types\/page"}],"author":[{"embeddable":true,"href":"https:\/\/langaholt.is\/islenska\/wp-json\/wp\/v2\/users\/1"}],"replies":[{"embeddable":true,"href":"https:\/\/langaholt.is\/islenska\/wp-json\/wp\/v2\/comments?post=2325"}],"version-history":[{"count":3,"href":"https:\/\/langaholt.is\/islenska\/wp-json\/wp\/v2\/pages\/2325\/revisions"}],"predecessor-version":[{"id":2328,"href":"https:\/\/langaholt.is\/islenska\/wp-json\/wp\/v2\/pages\/2325\/revisions\/2328"}],"wp:featuredmedia":[{"embeddable":true,"href":"https:\/\/langaholt.is\/islenska\/wp-json\/wp\/v2\/media\/2313"}],"wp:attachment":[{"href":"https:\/\/langaholt.is\/islenska\/wp-json\/wp\/v2\/media?parent=2325"}],"curies":[{"name":"wp","href":"https:\/\/api.w.org\/{rel}","templated":true}]}}