{"id":423,"date":"2018-06-21T09:17:58","date_gmt":"2018-06-21T09:17:58","guid":{"rendered":"https:\/\/themes.themegoods.com\/hoteller\/luxury\/?page_id=423"},"modified":"2020-03-02T09:05:57","modified_gmt":"2020-03-02T09:05:57","slug":"nagrennid","status":"publish","type":"page","link":"https:\/\/langaholt.is\/islenska\/nagrennid\/","title":{"rendered":"N\u00e1grenni\u00f0"},"content":{"rendered":"\t\t<div data-elementor-type=\"wp-post\" data-elementor-id=\"423\" class=\"elementor elementor-423\">\n\t\t\t\t\t\t<section class=\"elementor-section elementor-top-section elementor-element elementor-element-2e291d18 elementor-section-stretched elementor-section-height-min-height elementor-section-boxed elementor-section-height-default elementor-section-items-middle\" data-id=\"2e291d18\" data-element_type=\"section\" data-e-type=\"section\" data-settings=\"{&quot;stretch_section&quot;:&quot;section-stretched&quot;,&quot;background_background&quot;:&quot;classic&quot;,&quot;hoteller_ext_is_background_parallax&quot;:&quot;false&quot;,&quot;hoteller_ext_is_background_on_scroll&quot;:&quot;false&quot;}\">\n\t\t\t\t\t\t\t<div class=\"elementor-background-overlay\"><\/div>\n\t\t\t\t\t\t\t<div class=\"elementor-container elementor-column-gap-default\">\n\t\t\t\t\t<div class=\"elementor-column elementor-col-100 elementor-top-column elementor-element elementor-element-7568e395\" data-id=\"7568e395\" data-element_type=\"column\" data-e-type=\"column\" data-settings=\"{&quot;hoteller_ext_link_sidemenu&quot;:&quot;false&quot;,&quot;hoteller_ext_link_fullmenu&quot;:&quot;false&quot;,&quot;hoteller_ext_link_closed_fullmenu&quot;:&quot;false&quot;,&quot;hoteller_ext_is_scrollme&quot;:&quot;false&quot;,&quot;hoteller_ext_is_smoove&quot;:&quot;false&quot;,&quot;hoteller_ext_is_parallax_mouse&quot;:&quot;false&quot;,&quot;hoteller_ext_is_infinite&quot;:&quot;false&quot;,&quot;hoteller_ext_is_fadeout_animation&quot;:&quot;false&quot;,&quot;hoteller_ext_mobile_static&quot;:&quot;false&quot;}\">\n\t\t\t<div class=\"elementor-widget-wrap elementor-element-populated\">\n\t\t\t\t\t\t<div class=\"elementor-element elementor-element-5e915cbb elementor-invisible elementor-widget elementor-widget-heading\" data-id=\"5e915cbb\" data-element_type=\"widget\" data-e-type=\"widget\" data-settings=\"{&quot;_animation&quot;:&quot;fadeInUp&quot;,&quot;hoteller_ext_link_sidemenu&quot;:&quot;false&quot;,&quot;hoteller_ext_link_fullmenu&quot;:&quot;false&quot;,&quot;hoteller_ext_link_closed_fullmenu&quot;:&quot;false&quot;,&quot;hoteller_ext_is_scrollme&quot;:&quot;false&quot;,&quot;hoteller_ext_is_smoove&quot;:&quot;false&quot;,&quot;hoteller_ext_is_parallax_mouse&quot;:&quot;false&quot;,&quot;hoteller_ext_is_infinite&quot;:&quot;false&quot;,&quot;hoteller_ext_is_fadeout_animation&quot;:&quot;false&quot;,&quot;hoteller_ext_mobile_static&quot;:&quot;false&quot;}\" data-widget_type=\"heading.default\">\n\t\t\t\t<div class=\"elementor-widget-container\">\n\t\t\t\t\t<h1 class=\"elementor-heading-title elementor-size-default\">Af\u00fereying \u00e1 Langaholti og n\u00e1grenni<\/h1>\t\t\t\t<\/div>\n\t\t\t\t<\/div>\n\t\t\t\t<div class=\"elementor-element elementor-element-31f2f9b1 elementor-invisible elementor-widget elementor-widget-heading\" data-id=\"31f2f9b1\" data-element_type=\"widget\" data-e-type=\"widget\" data-settings=\"{&quot;_animation&quot;:&quot;fadeInUp&quot;,&quot;_animation_delay&quot;:400,&quot;hoteller_ext_link_sidemenu&quot;:&quot;false&quot;,&quot;hoteller_ext_link_fullmenu&quot;:&quot;false&quot;,&quot;hoteller_ext_link_closed_fullmenu&quot;:&quot;false&quot;,&quot;hoteller_ext_is_scrollme&quot;:&quot;false&quot;,&quot;hoteller_ext_is_smoove&quot;:&quot;false&quot;,&quot;hoteller_ext_is_parallax_mouse&quot;:&quot;false&quot;,&quot;hoteller_ext_is_infinite&quot;:&quot;false&quot;,&quot;hoteller_ext_is_fadeout_animation&quot;:&quot;false&quot;,&quot;hoteller_ext_mobile_static&quot;:&quot;false&quot;}\" data-widget_type=\"heading.default\">\n\t\t\t\t<div class=\"elementor-widget-container\">\n\t\t\t\t\t<h5 class=\"elementor-heading-title elementor-size-default\">Nj\u00f3ttu alls sem umhverfi\u00f0 hefur upp\u00e1 a\u00f0 bj\u00f3\u00f0a!<\/h5>\t\t\t\t<\/div>\n\t\t\t\t<\/div>\n\t\t\t\t\t<\/div>\n\t\t<\/div>\n\t\t\t\t\t<\/div>\n\t\t<\/section>\n\t\t\t\t<section class=\"elementor-section elementor-top-section elementor-element elementor-element-af73848 elementor-section-boxed elementor-section-height-default elementor-section-height-default\" data-id=\"af73848\" data-element_type=\"section\" data-e-type=\"section\" data-settings=\"{&quot;hoteller_ext_is_background_parallax&quot;:&quot;false&quot;,&quot;hoteller_ext_is_background_on_scroll&quot;:&quot;false&quot;}\">\n\t\t\t\t\t\t<div class=\"elementor-container elementor-column-gap-default\">\n\t\t\t\t\t<div class=\"elementor-column elementor-col-100 elementor-top-column elementor-element elementor-element-d27ca97\" data-id=\"d27ca97\" data-element_type=\"column\" data-e-type=\"column\" data-settings=\"{&quot;hoteller_ext_link_sidemenu&quot;:&quot;false&quot;,&quot;hoteller_ext_link_fullmenu&quot;:&quot;false&quot;,&quot;hoteller_ext_link_closed_fullmenu&quot;:&quot;false&quot;,&quot;hoteller_ext_is_scrollme&quot;:&quot;false&quot;,&quot;hoteller_ext_is_smoove&quot;:&quot;false&quot;,&quot;hoteller_ext_is_parallax_mouse&quot;:&quot;false&quot;,&quot;hoteller_ext_is_infinite&quot;:&quot;false&quot;,&quot;hoteller_ext_is_fadeout_animation&quot;:&quot;false&quot;,&quot;hoteller_ext_mobile_static&quot;:&quot;false&quot;}\">\n\t\t\t<div class=\"elementor-widget-wrap elementor-element-populated\">\n\t\t\t\t\t\t<div class=\"elementor-element elementor-element-cd0c7fd elementor-invisible elementor-widget elementor-widget-text-editor\" data-id=\"cd0c7fd\" data-element_type=\"widget\" data-e-type=\"widget\" data-settings=\"{&quot;_animation&quot;:&quot;fadeInUp&quot;,&quot;_animation_delay&quot;:1200,&quot;hoteller_ext_link_sidemenu&quot;:&quot;false&quot;,&quot;hoteller_ext_link_fullmenu&quot;:&quot;false&quot;,&quot;hoteller_ext_link_closed_fullmenu&quot;:&quot;false&quot;,&quot;hoteller_ext_is_scrollme&quot;:&quot;false&quot;,&quot;hoteller_ext_is_smoove&quot;:&quot;false&quot;,&quot;hoteller_ext_is_parallax_mouse&quot;:&quot;false&quot;,&quot;hoteller_ext_is_infinite&quot;:&quot;false&quot;,&quot;hoteller_ext_is_fadeout_animation&quot;:&quot;false&quot;,&quot;hoteller_ext_mobile_static&quot;:&quot;false&quot;}\" data-widget_type=\"text-editor.default\">\n\t\t\t\t<div class=\"elementor-widget-container\">\n\t\t\t\t\t\t\t\t\t<h2>Gar\u00f0av\u00f6llur undir j\u00f6kli.<\/h2><p>Gar\u00f0av\u00f6llur undir j\u00f6kli er n\u00edu holu Golfv\u00f6llur vi\u00f0 Langholt. V\u00f6llurinn er \u201eLinks\u201c v\u00f6llur e\u00f0a strandv\u00f6llur a\u00f0 h\u00e6tti Skota en hann er allur \u00e1 sandundirlagi sem gefur honum sinn s\u00e9rstaka karakter.<br \/>V\u00f6llurinn er par 35 og spila m\u00e1 \u00e1 gulum og rau\u00f0um teigum.<\/p><p>\u00a0<\/p><h2>Fa\u00f0ma\u00f0u n\u00e1tt\u00faruna<\/h2><p><br \/>Langaholt er umluki\u00f0 tignarlegri Sn\u00e6fellskri n\u00e1tt\u00faru. Fj\u00f6ll, hraun, v\u00f6tn, l\u00e6kir, fuglar og selir. Allt er \u00feetta \u00ed grenndinni og meira til. Sannk\u00f6llu\u00f0 n\u00e1tt\u00faruparad\u00eds \u00fear sem Sn\u00e6fellsj\u00f6kull blasir vi\u00f0 \u00ed allri sinni tign.<\/p><h2><br \/>Hin Gullna str\u00f6nd Ytri Gar\u00f0a<\/h2><p>Fjaran skartar gylltum skeljasandi, fallegum sm\u00e1steinum og grasigr\u00f3num sandh\u00f3lum sem mynda l\u00e1gan sj\u00e1varkamb. Str\u00f6ndin er endalaus uppspretta leikja og \u00e6vint\u00fdra.<\/p><p>\u00a0<\/p><h2>G\u00f6ngulei\u00f0ir<\/h2><p><br \/>Notalegt er a\u00f0 ganga eftir fj\u00f6runni yfir til hinna \u00feekktu Selal\u00e1tra vi\u00f0 Ytri Tungu, vegalengd er u.\u00fe.b. 3 km e\u00f0a 80 min. gangur. Einnig er h\u00e6gt a\u00f0 ganga a\u00f0 B\u00fa\u00f0um sem er u.\u00fe.b. 10 km lei\u00f0 en m\u00f6rgum n\u00e6gir a\u00f0 r\u00f6lta um landareignina og nj\u00f3ta kyrr\u00f0arinnar, horfa til hafs e\u00f0a vir\u00f0a fyrir s\u00e9r tignarlegan fjallgar\u00f0inn sem blasir vi\u00f0 allt fr\u00e1 Stapafelli til Kobeinsta\u00f0afjalls \u00e1 M\u00fdrum. \u00cd g\u00f3\u00f0u skyggni s\u00e9st jafnvel til \u00de\u00f3risj\u00f6kuls.<\/p><p>\u00a0<\/p><h2>L\u00fdsuh\u00f3lslaug<\/h2><p><br \/>L\u00fdsuh\u00f3lslaug er \u00ed 6 km fjarl\u00e6g\u00f0. \u00cd lauginni er n\u00e1tt\u00farulega heitt \u00f6lkelduvatn, beint \u00far j\u00f6r\u00f0u. Vatni\u00f0 er mj\u00f6g steinefnar\u00edkt og tali\u00f0 afar heilsusamlegt. <\/p>\t\t\t\t\t\t\t\t<\/div>\n\t\t\t\t<\/div>\n\t\t\t\t\t<\/div>\n\t\t<\/div>\n\t\t\t\t\t<\/div>\n\t\t<\/section>\n\t\t\t\t<\/div>\n\t\t","protected":false},"excerpt":{"rendered":"<p>Af\u00fereying \u00e1 Langaholti og n\u00e1grenni Nj\u00f3ttu alls sem umhverfi\u00f0 hefur upp\u00e1 a\u00f0 bj\u00f3\u00f0a! Gar\u00f0av\u00f6llur undir j\u00f6kli. Gar\u00f0av\u00f6llur undir j\u00f6kli er n\u00edu holu Golfv\u00f6llur vi\u00f0 Langholt. V\u00f6llurinn er \u201eLinks\u201c v\u00f6llur e\u00f0a strandv\u00f6llur a\u00f0 h\u00e6tti Skota en hann er allur \u00e1 sandundirlagi [&hellip;]<\/p>\n","protected":false},"author":1,"featured_media":2073,"parent":0,"menu_order":0,"comment_status":"closed","ping_status":"closed","template":"","meta":{"footnotes":""},"class_list":["post-423","page","type-page","status-publish","has-post-thumbnail","hentry"],"yoast_head":"<!-- This site is optimized with the Yoast SEO plugin v27.5 - https:\/\/yoast.com\/product\/yoast-seo-wordpress\/ -->\n<title>N\u00e1grenni\u00f0 - Langaholt sveitah\u00f3tel<\/title>\n<meta name=\"description\" content=\"Umhverfi Langaholts er marka\u00f0 af n\u00e1l\u00e6g\u00f0 sinni vi\u00f0 sj\u00f3inn og hinni gullnu str\u00f6nd og er margt \u00fear forvitnilegt a\u00f0 sko\u00f0a \u00ed r\u00f3 og n\u00e6\u00f0i fyrir alla n\u00e1tt\u00faruunnendur unga sem aldna og er str\u00f6ndin endalaus uppspretta leikja og \u00e6vint\u00fdra.\" \/>\n<meta name=\"robots\" content=\"index, follow, max-snippet:-1, max-image-preview:large, max-video-preview:-1\" \/>\n<link rel=\"canonical\" href=\"https:\/\/langaholt.is\/islenska\/nagrennid\/\" \/>\n<meta property=\"og:locale\" content=\"is_IS\" \/>\n<meta property=\"og:type\" content=\"article\" \/>\n<meta property=\"og:title\" content=\"N\u00e1grenni\u00f0 - Langaholt sveitah\u00f3tel\" \/>\n<meta property=\"og:description\" content=\"Umhverfi Langaholts er marka\u00f0 af n\u00e1l\u00e6g\u00f0 sinni vi\u00f0 sj\u00f3inn og hinni gullnu str\u00f6nd og er margt \u00fear forvitnilegt a\u00f0 sko\u00f0a \u00ed r\u00f3 og n\u00e6\u00f0i fyrir alla n\u00e1tt\u00faruunnendur unga sem aldna og er str\u00f6ndin endalaus uppspretta leikja og \u00e6vint\u00fdra.\" \/>\n<meta property=\"og:url\" content=\"https:\/\/langaholt.is\/islenska\/nagrennid\/\" \/>\n<meta property=\"og:site_name\" content=\"Langaholt sveitah\u00f3tel\" \/>\n<meta property=\"article:publisher\" content=\"https:\/\/www.facebook.com\/langaholt\/\" \/>\n<meta property=\"article:modified_time\" content=\"2020-03-02T09:05:57+00:00\" \/>\n<meta property=\"og:image\" content=\"https:\/\/langaholt.is\/islenska\/wp-content\/uploads\/2020\/02\/20160707-DSC03909-1-e1554911584783.jpg\" \/>\n\t<meta property=\"og:image:width\" content=\"1600\" \/>\n\t<meta property=\"og:image:height\" content=\"1067\" \/>\n\t<meta property=\"og:image:type\" content=\"image\/jpeg\" \/>\n<meta name=\"twitter:card\" content=\"summary_large_image\" \/>\n<meta name=\"twitter:label1\" content=\"Est. reading time\" \/>\n\t<meta name=\"twitter:data1\" content=\"1 minute\" \/>\n<script type=\"application\/ld+json\" class=\"yoast-schema-graph\">{\"@context\":\"https:\\\/\\\/schema.org\",\"@graph\":[{\"@type\":\"WebPage\",\"@id\":\"https:\\\/\\\/langaholt.is\\\/islenska\\\/nagrennid\\\/\",\"url\":\"https:\\\/\\\/langaholt.is\\\/islenska\\\/nagrennid\\\/\",\"name\":\"N\u00e1grenni\u00f0 - Langaholt sveitah\u00f3tel\",\"isPartOf\":{\"@id\":\"https:\\\/\\\/langaholt.is\\\/islenska\\\/#website\"},\"primaryImageOfPage\":{\"@id\":\"https:\\\/\\\/langaholt.is\\\/islenska\\\/nagrennid\\\/#primaryimage\"},\"image\":{\"@id\":\"https:\\\/\\\/langaholt.is\\\/islenska\\\/nagrennid\\\/#primaryimage\"},\"thumbnailUrl\":\"https:\\\/\\\/langaholt.is\\\/islenska\\\/wp-content\\\/uploads\\\/2020\\\/02\\\/20160707-DSC03909-1-e1554911584783.jpg\",\"datePublished\":\"2018-06-21T09:17:58+00:00\",\"dateModified\":\"2020-03-02T09:05:57+00:00\",\"description\":\"Umhverfi Langaholts er marka\u00f0 af n\u00e1l\u00e6g\u00f0 sinni vi\u00f0 sj\u00f3inn og hinni gullnu str\u00f6nd og er margt \u00fear forvitnilegt a\u00f0 sko\u00f0a \u00ed r\u00f3 og n\u00e6\u00f0i fyrir alla n\u00e1tt\u00faruunnendur unga sem aldna og er str\u00f6ndin endalaus uppspretta leikja og \u00e6vint\u00fdra.\",\"breadcrumb\":{\"@id\":\"https:\\\/\\\/langaholt.is\\\/islenska\\\/nagrennid\\\/#breadcrumb\"},\"inLanguage\":\"is\",\"potentialAction\":[{\"@type\":\"ReadAction\",\"target\":[\"https:\\\/\\\/langaholt.is\\\/islenska\\\/nagrennid\\\/\"]}]},{\"@type\":\"ImageObject\",\"inLanguage\":\"is\",\"@id\":\"https:\\\/\\\/langaholt.is\\\/islenska\\\/nagrennid\\\/#primaryimage\",\"url\":\"https:\\\/\\\/langaholt.is\\\/islenska\\\/wp-content\\\/uploads\\\/2020\\\/02\\\/20160707-DSC03909-1-e1554911584783.jpg\",\"contentUrl\":\"https:\\\/\\\/langaholt.is\\\/islenska\\\/wp-content\\\/uploads\\\/2020\\\/02\\\/20160707-DSC03909-1-e1554911584783.jpg\",\"width\":1600,\"height\":1067},{\"@type\":\"BreadcrumbList\",\"@id\":\"https:\\\/\\\/langaholt.is\\\/islenska\\\/nagrennid\\\/#breadcrumb\",\"itemListElement\":[{\"@type\":\"ListItem\",\"position\":1,\"name\":\"Home\",\"item\":\"https:\\\/\\\/langaholt.is\\\/islenska\\\/\"},{\"@type\":\"ListItem\",\"position\":2,\"name\":\"N\u00e1grenni\u00f0\"}]},{\"@type\":\"WebSite\",\"@id\":\"https:\\\/\\\/langaholt.is\\\/islenska\\\/#website\",\"url\":\"https:\\\/\\\/langaholt.is\\\/islenska\\\/\",\"name\":\"Langaholt Sveitah\u00f3tel\",\"description\":\"Ekta \u00edslensk sveitah\u00f3tel \u00e1 Sn\u00e6fellsnesinu\",\"publisher\":{\"@id\":\"https:\\\/\\\/langaholt.is\\\/islenska\\\/#organization\"},\"potentialAction\":[{\"@type\":\"SearchAction\",\"target\":{\"@type\":\"EntryPoint\",\"urlTemplate\":\"https:\\\/\\\/langaholt.is\\\/islenska\\\/?s={search_term_string}\"},\"query-input\":{\"@type\":\"PropertyValueSpecification\",\"valueRequired\":true,\"valueName\":\"search_term_string\"}}],\"inLanguage\":\"is\"},{\"@type\":\"Organization\",\"@id\":\"https:\\\/\\\/langaholt.is\\\/islenska\\\/#organization\",\"name\":\"Langaholt\",\"url\":\"https:\\\/\\\/langaholt.is\\\/islenska\\\/\",\"logo\":{\"@type\":\"ImageObject\",\"inLanguage\":\"is\",\"@id\":\"https:\\\/\\\/langaholt.is\\\/islenska\\\/#\\\/schema\\\/logo\\\/image\\\/\",\"url\":\"https:\\\/\\\/langaholt.is\\\/islenska\\\/wp-content\\\/uploads\\\/2020\\\/02\\\/Langaholt-logo-vefur.jpg\",\"contentUrl\":\"https:\\\/\\\/langaholt.is\\\/islenska\\\/wp-content\\\/uploads\\\/2020\\\/02\\\/Langaholt-logo-vefur.jpg\",\"width\":261,\"height\":85,\"caption\":\"Langaholt\"},\"image\":{\"@id\":\"https:\\\/\\\/langaholt.is\\\/islenska\\\/#\\\/schema\\\/logo\\\/image\\\/\"},\"sameAs\":[\"https:\\\/\\\/www.facebook.com\\\/langaholt\\\/\",\"https:\\\/\\\/www.instagram.com\\\/langaholt\\\/\"]}]}<\/script>\n<!-- \/ Yoast SEO plugin. -->","yoast_head_json":{"title":"N\u00e1grenni\u00f0 - Langaholt sveitah\u00f3tel","description":"Umhverfi Langaholts er marka\u00f0 af n\u00e1l\u00e6g\u00f0 sinni vi\u00f0 sj\u00f3inn og hinni gullnu str\u00f6nd og er margt \u00fear forvitnilegt a\u00f0 sko\u00f0a \u00ed r\u00f3 og n\u00e6\u00f0i fyrir alla n\u00e1tt\u00faruunnendur unga sem aldna og er str\u00f6ndin endalaus uppspretta leikja og \u00e6vint\u00fdra.","robots":{"index":"index","follow":"follow","max-snippet":"max-snippet:-1","max-image-preview":"max-image-preview:large","max-video-preview":"max-video-preview:-1"},"canonical":"https:\/\/langaholt.is\/islenska\/nagrennid\/","og_locale":"is_IS","og_type":"article","og_title":"N\u00e1grenni\u00f0 - Langaholt sveitah\u00f3tel","og_description":"Umhverfi Langaholts er marka\u00f0 af n\u00e1l\u00e6g\u00f0 sinni vi\u00f0 sj\u00f3inn og hinni gullnu str\u00f6nd og er margt \u00fear forvitnilegt a\u00f0 sko\u00f0a \u00ed r\u00f3 og n\u00e6\u00f0i fyrir alla n\u00e1tt\u00faruunnendur unga sem aldna og er str\u00f6ndin endalaus uppspretta leikja og \u00e6vint\u00fdra.","og_url":"https:\/\/langaholt.is\/islenska\/nagrennid\/","og_site_name":"Langaholt sveitah\u00f3tel","article_publisher":"https:\/\/www.facebook.com\/langaholt\/","article_modified_time":"2020-03-02T09:05:57+00:00","og_image":[{"width":1600,"height":1067,"url":"https:\/\/langaholt.is\/islenska\/wp-content\/uploads\/2020\/02\/20160707-DSC03909-1-e1554911584783.jpg","type":"image\/jpeg"}],"twitter_card":"summary_large_image","twitter_misc":{"Est. reading time":"1 minute"},"schema":{"@context":"https:\/\/schema.org","@graph":[{"@type":"WebPage","@id":"https:\/\/langaholt.is\/islenska\/nagrennid\/","url":"https:\/\/langaholt.is\/islenska\/nagrennid\/","name":"N\u00e1grenni\u00f0 - Langaholt sveitah\u00f3tel","isPartOf":{"@id":"https:\/\/langaholt.is\/islenska\/#website"},"primaryImageOfPage":{"@id":"https:\/\/langaholt.is\/islenska\/nagrennid\/#primaryimage"},"image":{"@id":"https:\/\/langaholt.is\/islenska\/nagrennid\/#primaryimage"},"thumbnailUrl":"https:\/\/langaholt.is\/islenska\/wp-content\/uploads\/2020\/02\/20160707-DSC03909-1-e1554911584783.jpg","datePublished":"2018-06-21T09:17:58+00:00","dateModified":"2020-03-02T09:05:57+00:00","description":"Umhverfi Langaholts er marka\u00f0 af n\u00e1l\u00e6g\u00f0 sinni vi\u00f0 sj\u00f3inn og hinni gullnu str\u00f6nd og er margt \u00fear forvitnilegt a\u00f0 sko\u00f0a \u00ed r\u00f3 og n\u00e6\u00f0i fyrir alla n\u00e1tt\u00faruunnendur unga sem aldna og er str\u00f6ndin endalaus uppspretta leikja og \u00e6vint\u00fdra.","breadcrumb":{"@id":"https:\/\/langaholt.is\/islenska\/nagrennid\/#breadcrumb"},"inLanguage":"is","potentialAction":[{"@type":"ReadAction","target":["https:\/\/langaholt.is\/islenska\/nagrennid\/"]}]},{"@type":"ImageObject","inLanguage":"is","@id":"https:\/\/langaholt.is\/islenska\/nagrennid\/#primaryimage","url":"https:\/\/langaholt.is\/islenska\/wp-content\/uploads\/2020\/02\/20160707-DSC03909-1-e1554911584783.jpg","contentUrl":"https:\/\/langaholt.is\/islenska\/wp-content\/uploads\/2020\/02\/20160707-DSC03909-1-e1554911584783.jpg","width":1600,"height":1067},{"@type":"BreadcrumbList","@id":"https:\/\/langaholt.is\/islenska\/nagrennid\/#breadcrumb","itemListElement":[{"@type":"ListItem","position":1,"name":"Home","item":"https:\/\/langaholt.is\/islenska\/"},{"@type":"ListItem","position":2,"name":"N\u00e1grenni\u00f0"}]},{"@type":"WebSite","@id":"https:\/\/langaholt.is\/islenska\/#website","url":"https:\/\/langaholt.is\/islenska\/","name":"Langaholt Sveitah\u00f3tel","description":"Ekta \u00edslensk sveitah\u00f3tel \u00e1 Sn\u00e6fellsnesinu","publisher":{"@id":"https:\/\/langaholt.is\/islenska\/#organization"},"potentialAction":[{"@type":"SearchAction","target":{"@type":"EntryPoint","urlTemplate":"https:\/\/langaholt.is\/islenska\/?s={search_term_string}"},"query-input":{"@type":"PropertyValueSpecification","valueRequired":true,"valueName":"search_term_string"}}],"inLanguage":"is"},{"@type":"Organization","@id":"https:\/\/langaholt.is\/islenska\/#organization","name":"Langaholt","url":"https:\/\/langaholt.is\/islenska\/","logo":{"@type":"ImageObject","inLanguage":"is","@id":"https:\/\/langaholt.is\/islenska\/#\/schema\/logo\/image\/","url":"https:\/\/langaholt.is\/islenska\/wp-content\/uploads\/2020\/02\/Langaholt-logo-vefur.jpg","contentUrl":"https:\/\/langaholt.is\/islenska\/wp-content\/uploads\/2020\/02\/Langaholt-logo-vefur.jpg","width":261,"height":85,"caption":"Langaholt"},"image":{"@id":"https:\/\/langaholt.is\/islenska\/#\/schema\/logo\/image\/"},"sameAs":["https:\/\/www.facebook.com\/langaholt\/","https:\/\/www.instagram.com\/langaholt\/"]}]}},"_links":{"self":[{"href":"https:\/\/langaholt.is\/islenska\/wp-json\/wp\/v2\/pages\/423","targetHints":{"allow":["GET"]}}],"collection":[{"href":"https:\/\/langaholt.is\/islenska\/wp-json\/wp\/v2\/pages"}],"about":[{"href":"https:\/\/langaholt.is\/islenska\/wp-json\/wp\/v2\/types\/page"}],"author":[{"embeddable":true,"href":"https:\/\/langaholt.is\/islenska\/wp-json\/wp\/v2\/users\/1"}],"replies":[{"embeddable":true,"href":"https:\/\/langaholt.is\/islenska\/wp-json\/wp\/v2\/comments?post=423"}],"version-history":[{"count":4,"href":"https:\/\/langaholt.is\/islenska\/wp-json\/wp\/v2\/pages\/423\/revisions"}],"predecessor-version":[{"id":2076,"href":"https:\/\/langaholt.is\/islenska\/wp-json\/wp\/v2\/pages\/423\/revisions\/2076"}],"wp:featuredmedia":[{"embeddable":true,"href":"https:\/\/langaholt.is\/islenska\/wp-json\/wp\/v2\/media\/2073"}],"wp:attachment":[{"href":"https:\/\/langaholt.is\/islenska\/wp-json\/wp\/v2\/media?parent=423"}],"curies":[{"name":"wp","href":"https:\/\/api.w.org\/{rel}","templated":true}]}}