{"id":770,"date":"2018-06-26T05:53:11","date_gmt":"2018-06-26T05:53:11","guid":{"rendered":"https:\/\/themes.themegoods.com\/hoteller\/luxury\/?page_id=770"},"modified":"2021-05-27T22:29:20","modified_gmt":"2021-05-27T22:29:20","slug":"bokunarskilmalar","status":"publish","type":"page","link":"https:\/\/langaholt.is\/islenska\/bokunarskilmalar\/","title":{"rendered":"B\u00f3kunarskilm\u00e1lar"},"content":{"rendered":"\t\t<div data-elementor-type=\"wp-post\" data-elementor-id=\"770\" class=\"elementor elementor-770\">\n\t\t\t\t\t\t<section class=\"elementor-section elementor-top-section elementor-element elementor-element-c8d681f elementor-section-boxed elementor-section-height-default elementor-section-height-default\" data-id=\"c8d681f\" data-element_type=\"section\" data-e-type=\"section\" data-settings=\"{&quot;hoteller_ext_is_background_parallax&quot;:&quot;false&quot;,&quot;hoteller_ext_is_background_on_scroll&quot;:&quot;false&quot;}\">\n\t\t\t\t\t\t<div class=\"elementor-container elementor-column-gap-default\">\n\t\t\t\t\t<div class=\"elementor-column elementor-col-100 elementor-top-column elementor-element elementor-element-03a5609\" data-id=\"03a5609\" data-element_type=\"column\" data-e-type=\"column\" data-settings=\"{&quot;hoteller_ext_link_sidemenu&quot;:&quot;false&quot;,&quot;hoteller_ext_link_fullmenu&quot;:&quot;false&quot;,&quot;hoteller_ext_link_closed_fullmenu&quot;:&quot;false&quot;,&quot;hoteller_ext_is_scrollme&quot;:&quot;false&quot;,&quot;hoteller_ext_is_smoove&quot;:&quot;false&quot;,&quot;hoteller_ext_is_parallax_mouse&quot;:&quot;false&quot;,&quot;hoteller_ext_is_infinite&quot;:&quot;false&quot;,&quot;hoteller_ext_is_fadeout_animation&quot;:&quot;false&quot;,&quot;hoteller_ext_mobile_static&quot;:&quot;false&quot;}\">\n\t\t\t<div class=\"elementor-widget-wrap elementor-element-populated\">\n\t\t\t\t\t\t<div class=\"elementor-element elementor-element-1a8b0ed elementor-widget elementor-widget-heading\" data-id=\"1a8b0ed\" data-element_type=\"widget\" data-e-type=\"widget\" data-settings=\"{&quot;hoteller_ext_link_sidemenu&quot;:&quot;false&quot;,&quot;hoteller_ext_link_fullmenu&quot;:&quot;false&quot;,&quot;hoteller_ext_link_closed_fullmenu&quot;:&quot;false&quot;,&quot;hoteller_ext_is_scrollme&quot;:&quot;false&quot;,&quot;hoteller_ext_is_smoove&quot;:&quot;false&quot;,&quot;hoteller_ext_is_parallax_mouse&quot;:&quot;false&quot;,&quot;hoteller_ext_is_infinite&quot;:&quot;false&quot;,&quot;hoteller_ext_is_fadeout_animation&quot;:&quot;false&quot;,&quot;hoteller_ext_mobile_static&quot;:&quot;false&quot;}\" data-widget_type=\"heading.default\">\n\t\t\t\t<div class=\"elementor-widget-container\">\n\t\t\t\t\t<h3 class=\"elementor-heading-title elementor-size-default\">Grei\u00f0sla<\/h3>\t\t\t\t<\/div>\n\t\t\t\t<\/div>\n\t\t\t\t<div class=\"elementor-element elementor-element-625b11b elementor-widget elementor-widget-accordion\" data-id=\"625b11b\" data-element_type=\"widget\" data-e-type=\"widget\" data-settings=\"{&quot;hoteller_ext_link_sidemenu&quot;:&quot;false&quot;,&quot;hoteller_ext_link_fullmenu&quot;:&quot;false&quot;,&quot;hoteller_ext_link_closed_fullmenu&quot;:&quot;false&quot;,&quot;hoteller_ext_is_scrollme&quot;:&quot;false&quot;,&quot;hoteller_ext_is_smoove&quot;:&quot;false&quot;,&quot;hoteller_ext_is_parallax_mouse&quot;:&quot;false&quot;,&quot;hoteller_ext_is_infinite&quot;:&quot;false&quot;,&quot;hoteller_ext_is_fadeout_animation&quot;:&quot;false&quot;,&quot;hoteller_ext_mobile_static&quot;:&quot;false&quot;}\" data-widget_type=\"accordion.default\">\n\t\t\t\t<div class=\"elementor-widget-container\">\n\t\t\t\t\t\t\t<div class=\"elementor-accordion\">\n\t\t\t\t\t\t\t<div class=\"elementor-accordion-item\">\n\t\t\t\t\t<div id=\"elementor-tab-title-1031\" class=\"elementor-tab-title\" data-tab=\"1\" role=\"button\" aria-controls=\"elementor-tab-content-1031\" aria-expanded=\"false\">\n\t\t\t\t\t\t\t\t\t\t\t\t\t<span class=\"elementor-accordion-icon elementor-accordion-icon-left\" aria-hidden=\"true\">\n\t\t\t\t\t\t\t\t\t\t\t\t\t\t\t<span class=\"elementor-accordion-icon-closed\"><i class=\"far fa-plus-square\"><\/i><\/span>\n\t\t\t\t\t\t\t\t<span class=\"elementor-accordion-icon-opened\"><i class=\"far fa-minus-square\"><\/i><\/span>\n\t\t\t\t\t\t\t\t\t\t\t\t\t\t<\/span>\n\t\t\t\t\t\t\t\t\t\t\t\t<a class=\"elementor-accordion-title\" tabindex=\"0\">Uppl\u00fdsingar um grei\u00f0slur<\/a>\n\t\t\t\t\t<\/div>\n\t\t\t\t\t<div id=\"elementor-tab-content-1031\" class=\"elementor-tab-content elementor-clearfix\" data-tab=\"1\" role=\"region\" aria-labelledby=\"elementor-tab-title-1031\"><p>Engin fyrirframgrei\u00f0sla nau\u00f0synleg \u2013 greitt er \u00e1 gistista\u00f0.<\/p><p>Kortagrei\u00f0slur<\/p><p>\u00dea\u00f0 er stefna Langaholts a\u00f0 taka einungis vi\u00f0 kreditkortagrei\u00f0slum a\u00f0 eigendum korta vi\u00f0st\u00f6ddum, auk \u00feess skal grei\u00f0andi sanna me\u00f0 \u00f3yggjandi h\u00e6tti a\u00f0 hann s\u00e9 eigandi kortsins sem teki\u00f0 er \u00fataf.<\/p><p>\u00cd \u00feeim tilfellum er v\u00edkja \u00fearf fr\u00e1 \u00feessari reglu og taka vi\u00f0 s\u00edmgrei\u00f0slu af \u00feri\u00f0ja a\u00f0ila er \u00feess krafist a\u00f0 gestur framv\u00edsi skilr\u00edkjum vi\u00f0 komu \u00e1samt eigin kreditkortauppl\u00fdsingum.<\/p><p>Ofangreindar \u00f6ryggisr\u00e1\u00f0stafanir eru ger\u00f0ar til a\u00f0 tryggja \u00f6ryggi korthafa sem og allra vi\u00f0komandi a\u00f0ila. Afriti af skilr\u00edkjum gesta \u00e1samt kortauppl\u00fdsingum er einungis haldi\u00f0 eftir hj\u00e1 Langholti um stundarsakir e\u00f0a \u00fear til tryggt er a\u00f0 eigi \u00feurfi a\u00f0 breg\u00f0ast hafi \u00fattekt af \u00e1\u00f0ur uppgefnu grei\u00f0slukorti veri\u00f0 m\u00f3tm\u00e6lt af eiganda \u00feess.<\/p><\/div>\n\t\t\t\t<\/div>\n\t\t\t\t\t\t\t\t<\/div>\n\t\t\t\t\t\t<\/div>\n\t\t\t\t<\/div>\n\t\t\t\t\t<\/div>\n\t\t<\/div>\n\t\t\t\t\t<\/div>\n\t\t<\/section>\n\t\t\t\t<section class=\"elementor-section elementor-top-section elementor-element elementor-element-b9b2d6f elementor-section-boxed elementor-section-height-default elementor-section-height-default\" data-id=\"b9b2d6f\" data-element_type=\"section\" data-e-type=\"section\" data-settings=\"{&quot;hoteller_ext_is_background_parallax&quot;:&quot;false&quot;,&quot;hoteller_ext_is_background_on_scroll&quot;:&quot;false&quot;}\">\n\t\t\t\t\t\t<div class=\"elementor-container elementor-column-gap-default\">\n\t\t\t\t\t<div class=\"elementor-column elementor-col-100 elementor-top-column elementor-element elementor-element-559ab3b\" data-id=\"559ab3b\" data-element_type=\"column\" data-e-type=\"column\" data-settings=\"{&quot;hoteller_ext_link_sidemenu&quot;:&quot;false&quot;,&quot;hoteller_ext_link_fullmenu&quot;:&quot;false&quot;,&quot;hoteller_ext_link_closed_fullmenu&quot;:&quot;false&quot;,&quot;hoteller_ext_is_scrollme&quot;:&quot;false&quot;,&quot;hoteller_ext_is_smoove&quot;:&quot;false&quot;,&quot;hoteller_ext_is_parallax_mouse&quot;:&quot;false&quot;,&quot;hoteller_ext_is_infinite&quot;:&quot;false&quot;,&quot;hoteller_ext_is_fadeout_animation&quot;:&quot;false&quot;,&quot;hoteller_ext_mobile_static&quot;:&quot;false&quot;}\">\n\t\t\t<div class=\"elementor-widget-wrap elementor-element-populated\">\n\t\t\t\t\t\t<div class=\"elementor-element elementor-element-af5a57e elementor-widget elementor-widget-heading\" data-id=\"af5a57e\" data-element_type=\"widget\" data-e-type=\"widget\" data-settings=\"{&quot;hoteller_ext_link_sidemenu&quot;:&quot;false&quot;,&quot;hoteller_ext_link_fullmenu&quot;:&quot;false&quot;,&quot;hoteller_ext_link_closed_fullmenu&quot;:&quot;false&quot;,&quot;hoteller_ext_is_scrollme&quot;:&quot;false&quot;,&quot;hoteller_ext_is_smoove&quot;:&quot;false&quot;,&quot;hoteller_ext_is_parallax_mouse&quot;:&quot;false&quot;,&quot;hoteller_ext_is_infinite&quot;:&quot;false&quot;,&quot;hoteller_ext_is_fadeout_animation&quot;:&quot;false&quot;,&quot;hoteller_ext_mobile_static&quot;:&quot;false&quot;}\" data-widget_type=\"heading.default\">\n\t\t\t\t<div class=\"elementor-widget-container\">\n\t\t\t\t\t<h3 class=\"elementor-heading-title elementor-size-default\">B\u00f3kunar og afb\u00f3kunar skilm\u00e1lar<\/h3>\t\t\t\t<\/div>\n\t\t\t\t<\/div>\n\t\t\t\t<div class=\"elementor-element elementor-element-58f1580 elementor-widget elementor-widget-accordion\" data-id=\"58f1580\" data-element_type=\"widget\" data-e-type=\"widget\" data-settings=\"{&quot;hoteller_ext_link_sidemenu&quot;:&quot;false&quot;,&quot;hoteller_ext_link_fullmenu&quot;:&quot;false&quot;,&quot;hoteller_ext_link_closed_fullmenu&quot;:&quot;false&quot;,&quot;hoteller_ext_is_scrollme&quot;:&quot;false&quot;,&quot;hoteller_ext_is_smoove&quot;:&quot;false&quot;,&quot;hoteller_ext_is_parallax_mouse&quot;:&quot;false&quot;,&quot;hoteller_ext_is_infinite&quot;:&quot;false&quot;,&quot;hoteller_ext_is_fadeout_animation&quot;:&quot;false&quot;,&quot;hoteller_ext_mobile_static&quot;:&quot;false&quot;}\" data-widget_type=\"accordion.default\">\n\t\t\t\t<div class=\"elementor-widget-container\">\n\t\t\t\t\t\t\t<div class=\"elementor-accordion\">\n\t\t\t\t\t\t\t<div class=\"elementor-accordion-item\">\n\t\t\t\t\t<div id=\"elementor-tab-title-9321\" class=\"elementor-tab-title\" data-tab=\"1\" role=\"button\" aria-controls=\"elementor-tab-content-9321\" aria-expanded=\"false\">\n\t\t\t\t\t\t\t\t\t\t\t\t\t<span class=\"elementor-accordion-icon elementor-accordion-icon-left\" aria-hidden=\"true\">\n\t\t\t\t\t\t\t\t\t\t\t\t\t\t\t<span class=\"elementor-accordion-icon-closed\"><i class=\"far fa-plus-square\"><\/i><\/span>\n\t\t\t\t\t\t\t\t<span class=\"elementor-accordion-icon-opened\"><i class=\"far fa-minus-square\"><\/i><\/span>\n\t\t\t\t\t\t\t\t\t\t\t\t\t\t<\/span>\n\t\t\t\t\t\t\t\t\t\t\t\t<a class=\"elementor-accordion-title\" tabindex=\"0\">Uppl\u00fdsingar um b\u00f3kanir og afb\u00f3kanir<\/a>\n\t\t\t\t\t<\/div>\n\t\t\t\t\t<div id=\"elementor-tab-content-9321\" class=\"elementor-tab-content elementor-clearfix\" data-tab=\"1\" role=\"region\" aria-labelledby=\"elementor-tab-title-9321\"><p><strong>Afb\u00f3kanir:\u00a0<\/strong><\/p><p>Afb\u00f3kun fyrir einstaklingsb\u00f3kanir er gjaldfrj\u00e1ls \u00fear til 48 t\u00edmum fyrir komu. S\u00e9 afb\u00f3ka\u00f0 innan 48 t\u00edma fyrir komu er andvir\u00f0i b\u00f3kunar innheimt a\u00f0 fullu. Sama \u00e1 vi\u00f0 ef gestur m\u00e6tir ekki \u201eNo Show\u201c.<\/p><p><strong>Skilm\u00e1lar:<\/strong><\/p><p>Ef \u00e1\u00e6tla\u00f0ur komut\u00edmi er utan opnunart\u00edma m\u00f3tt\u00f6kunnar eru gestir vinsamlegast be\u00f0nir um a\u00f0 l\u00e1ta gistista\u00f0inn vita fyrirfram, e\u00f0a skr\u00e1 \u00e1\u00e6tla\u00f0an komut\u00edma \u00ed s\u00e9r\u00f3skir vi\u00f0 b\u00f3kun.<\/p><p>\u00deegar \u00ferj\u00fa herbergi e\u00f0a fleiri eru b\u00f3ku\u00f0 geta a\u00f0rir b\u00f3kunarskilm\u00e1lar \u00e1tt vi\u00f0. \u00cd \u00feeim tilfellum skal hafa samband vi\u00f0 gistista\u00f0inn beint \u00ed t\u00f6lvup\u00f3sti hj\u00e1 langaholt@langaholt.is<\/p><p>Aukar\u00fam til vi\u00f0b\u00f3tar \u00feeim sem fyrir eru \u00e1 herbergjum, eru ekki \u00ed bo\u00f0i \u00e1 \u00feessum gistista\u00f0.<\/p><p>B\u00f6rn 7 \u00e1ra og eldri borga fullt gjald l\u00edkt og fullor\u00f0nir. Fr\u00edtt er fyrir b\u00f6rn 0-6 \u00e1ra deili \u00feau r\u00fami me\u00f0 foreldrum.<\/p><p>M\u00f6gulegt er a\u00f0 f\u00e1 barnar\u00fam \u00ed herbergi fyrir 0-2 \u00e1ra b\u00f6rn, \u00e1n endurgjalds \u2013 vinsamlega b\u00f3ki\u00f0 fyrirfram.<\/p><p>S\u00e9rstakar bei\u00f0nir skulu \u00e1vallt berast t\u00edmanlega. Ekki er h\u00e6gt a\u00f0 tryggja a\u00f0 m\u00f6gulegt s\u00e9 a\u00f0 ver\u00f0a vi\u00f0 s\u00e9rst\u00f6kum bei\u00f0num gesta sem \u00f3ska\u00f0 er vi\u00f0 innritun t.d. vegna herbergjaframbo\u00f0s o.s.frv. \u00darlausnum sl\u00edkra bei\u00f0na kunna a\u00f0 fylgja auka gj\u00f6ld.<\/p><p>Reykingar eru ekki leyf\u00f0ar \u00ed Gistih\u00fasinu Langaholti. Ver\u00f0i gestur uppv\u00eds a\u00f0 reykingum innanh\u00fass \u00e1skilur gistista\u00f0ur s\u00e9r r\u00e9tt til a\u00f0 innheimta s\u00e9rstakt \u00ferifagjald fyrir.<\/p><\/div>\n\t\t\t\t<\/div>\n\t\t\t\t\t\t\t\t<\/div>\n\t\t\t\t\t\t<\/div>\n\t\t\t\t<\/div>\n\t\t\t\t\t<\/div>\n\t\t<\/div>\n\t\t\t\t\t<\/div>\n\t\t<\/section>\n\t\t\t\t<\/div>\n\t\t","protected":false},"excerpt":{"rendered":"<p>Grei\u00f0sla Uppl\u00fdsingar um grei\u00f0slur Engin fyrirframgrei\u00f0sla nau\u00f0synleg \u2013 greitt er \u00e1 gistista\u00f0. Kortagrei\u00f0slur \u00dea\u00f0 er stefna Langaholts a\u00f0 taka einungis vi\u00f0 kreditkortagrei\u00f0slum a\u00f0 eigendum korta vi\u00f0st\u00f6ddum, auk \u00feess skal grei\u00f0andi sanna me\u00f0 \u00f3yggjandi h\u00e6tti a\u00f0 hann s\u00e9 eigandi kortsins sem [&hellip;]<\/p>\n","protected":false},"author":1,"featured_media":0,"parent":0,"menu_order":0,"comment_status":"closed","ping_status":"closed","template":"page-r.php","meta":{"footnotes":""},"class_list":["post-770","page","type-page","status-publish","hentry"],"yoast_head":"<!-- This site is optimized with the Yoast SEO plugin v27.4 - https:\/\/yoast.com\/product\/yoast-seo-wordpress\/ -->\n<title>B\u00f3kunarskilm\u00e1lar - Langaholt sveitah\u00f3tel<\/title>\n<meta name=\"robots\" content=\"index, follow, max-snippet:-1, max-image-preview:large, max-video-preview:-1\" \/>\n<link rel=\"canonical\" href=\"https:\/\/langaholt.is\/islenska\/bokunarskilmalar\/\" \/>\n<meta property=\"og:locale\" content=\"is_IS\" \/>\n<meta property=\"og:type\" content=\"article\" \/>\n<meta property=\"og:title\" content=\"B\u00f3kunarskilm\u00e1lar - Langaholt sveitah\u00f3tel\" \/>\n<meta property=\"og:description\" content=\"Grei\u00f0sla Uppl\u00fdsingar um grei\u00f0slur Engin fyrirframgrei\u00f0sla nau\u00f0synleg \u2013 greitt er \u00e1 gistista\u00f0. Kortagrei\u00f0slur \u00dea\u00f0 er stefna Langaholts a\u00f0 taka einungis vi\u00f0 kreditkortagrei\u00f0slum a\u00f0 eigendum korta vi\u00f0st\u00f6ddum, auk \u00feess skal grei\u00f0andi sanna me\u00f0 \u00f3yggjandi h\u00e6tti a\u00f0 hann s\u00e9 eigandi kortsins sem [&hellip;]\" \/>\n<meta property=\"og:url\" content=\"https:\/\/langaholt.is\/islenska\/bokunarskilmalar\/\" \/>\n<meta property=\"og:site_name\" content=\"Langaholt sveitah\u00f3tel\" \/>\n<meta property=\"article:publisher\" content=\"https:\/\/www.facebook.com\/langaholt\/\" \/>\n<meta property=\"article:modified_time\" content=\"2021-05-27T22:29:20+00:00\" \/>\n<meta name=\"twitter:card\" content=\"summary_large_image\" \/>\n<meta name=\"twitter:label1\" content=\"Est. reading time\" \/>\n\t<meta name=\"twitter:data1\" content=\"2 minutes\" \/>\n<script type=\"application\/ld+json\" class=\"yoast-schema-graph\">{\"@context\":\"https:\\\/\\\/schema.org\",\"@graph\":[{\"@type\":\"WebPage\",\"@id\":\"https:\\\/\\\/langaholt.is\\\/islenska\\\/bokunarskilmalar\\\/\",\"url\":\"https:\\\/\\\/langaholt.is\\\/islenska\\\/bokunarskilmalar\\\/\",\"name\":\"B\u00f3kunarskilm\u00e1lar - Langaholt sveitah\u00f3tel\",\"isPartOf\":{\"@id\":\"https:\\\/\\\/langaholt.is\\\/islenska\\\/#website\"},\"datePublished\":\"2018-06-26T05:53:11+00:00\",\"dateModified\":\"2021-05-27T22:29:20+00:00\",\"breadcrumb\":{\"@id\":\"https:\\\/\\\/langaholt.is\\\/islenska\\\/bokunarskilmalar\\\/#breadcrumb\"},\"inLanguage\":\"is\",\"potentialAction\":[{\"@type\":\"ReadAction\",\"target\":[\"https:\\\/\\\/langaholt.is\\\/islenska\\\/bokunarskilmalar\\\/\"]}]},{\"@type\":\"BreadcrumbList\",\"@id\":\"https:\\\/\\\/langaholt.is\\\/islenska\\\/bokunarskilmalar\\\/#breadcrumb\",\"itemListElement\":[{\"@type\":\"ListItem\",\"position\":1,\"name\":\"Home\",\"item\":\"https:\\\/\\\/langaholt.is\\\/islenska\\\/\"},{\"@type\":\"ListItem\",\"position\":2,\"name\":\"B\u00f3kunarskilm\u00e1lar\"}]},{\"@type\":\"WebSite\",\"@id\":\"https:\\\/\\\/langaholt.is\\\/islenska\\\/#website\",\"url\":\"https:\\\/\\\/langaholt.is\\\/islenska\\\/\",\"name\":\"Langaholt Sveitah\u00f3tel\",\"description\":\"Ekta \u00edslensk sveitah\u00f3tel \u00e1 Sn\u00e6fellsnesinu\",\"publisher\":{\"@id\":\"https:\\\/\\\/langaholt.is\\\/islenska\\\/#organization\"},\"potentialAction\":[{\"@type\":\"SearchAction\",\"target\":{\"@type\":\"EntryPoint\",\"urlTemplate\":\"https:\\\/\\\/langaholt.is\\\/islenska\\\/?s={search_term_string}\"},\"query-input\":{\"@type\":\"PropertyValueSpecification\",\"valueRequired\":true,\"valueName\":\"search_term_string\"}}],\"inLanguage\":\"is\"},{\"@type\":\"Organization\",\"@id\":\"https:\\\/\\\/langaholt.is\\\/islenska\\\/#organization\",\"name\":\"Langaholt\",\"url\":\"https:\\\/\\\/langaholt.is\\\/islenska\\\/\",\"logo\":{\"@type\":\"ImageObject\",\"inLanguage\":\"is\",\"@id\":\"https:\\\/\\\/langaholt.is\\\/islenska\\\/#\\\/schema\\\/logo\\\/image\\\/\",\"url\":\"https:\\\/\\\/langaholt.is\\\/islenska\\\/wp-content\\\/uploads\\\/2020\\\/02\\\/Langaholt-logo-vefur.jpg\",\"contentUrl\":\"https:\\\/\\\/langaholt.is\\\/islenska\\\/wp-content\\\/uploads\\\/2020\\\/02\\\/Langaholt-logo-vefur.jpg\",\"width\":261,\"height\":85,\"caption\":\"Langaholt\"},\"image\":{\"@id\":\"https:\\\/\\\/langaholt.is\\\/islenska\\\/#\\\/schema\\\/logo\\\/image\\\/\"},\"sameAs\":[\"https:\\\/\\\/www.facebook.com\\\/langaholt\\\/\",\"https:\\\/\\\/www.instagram.com\\\/langaholt\\\/\"]}]}<\/script>\n<!-- \/ Yoast SEO plugin. -->","yoast_head_json":{"title":"B\u00f3kunarskilm\u00e1lar - Langaholt sveitah\u00f3tel","robots":{"index":"index","follow":"follow","max-snippet":"max-snippet:-1","max-image-preview":"max-image-preview:large","max-video-preview":"max-video-preview:-1"},"canonical":"https:\/\/langaholt.is\/islenska\/bokunarskilmalar\/","og_locale":"is_IS","og_type":"article","og_title":"B\u00f3kunarskilm\u00e1lar - Langaholt sveitah\u00f3tel","og_description":"Grei\u00f0sla Uppl\u00fdsingar um grei\u00f0slur Engin fyrirframgrei\u00f0sla nau\u00f0synleg \u2013 greitt er \u00e1 gistista\u00f0. Kortagrei\u00f0slur \u00dea\u00f0 er stefna Langaholts a\u00f0 taka einungis vi\u00f0 kreditkortagrei\u00f0slum a\u00f0 eigendum korta vi\u00f0st\u00f6ddum, auk \u00feess skal grei\u00f0andi sanna me\u00f0 \u00f3yggjandi h\u00e6tti a\u00f0 hann s\u00e9 eigandi kortsins sem [&hellip;]","og_url":"https:\/\/langaholt.is\/islenska\/bokunarskilmalar\/","og_site_name":"Langaholt sveitah\u00f3tel","article_publisher":"https:\/\/www.facebook.com\/langaholt\/","article_modified_time":"2021-05-27T22:29:20+00:00","twitter_card":"summary_large_image","twitter_misc":{"Est. reading time":"2 minutes"},"schema":{"@context":"https:\/\/schema.org","@graph":[{"@type":"WebPage","@id":"https:\/\/langaholt.is\/islenska\/bokunarskilmalar\/","url":"https:\/\/langaholt.is\/islenska\/bokunarskilmalar\/","name":"B\u00f3kunarskilm\u00e1lar - Langaholt sveitah\u00f3tel","isPartOf":{"@id":"https:\/\/langaholt.is\/islenska\/#website"},"datePublished":"2018-06-26T05:53:11+00:00","dateModified":"2021-05-27T22:29:20+00:00","breadcrumb":{"@id":"https:\/\/langaholt.is\/islenska\/bokunarskilmalar\/#breadcrumb"},"inLanguage":"is","potentialAction":[{"@type":"ReadAction","target":["https:\/\/langaholt.is\/islenska\/bokunarskilmalar\/"]}]},{"@type":"BreadcrumbList","@id":"https:\/\/langaholt.is\/islenska\/bokunarskilmalar\/#breadcrumb","itemListElement":[{"@type":"ListItem","position":1,"name":"Home","item":"https:\/\/langaholt.is\/islenska\/"},{"@type":"ListItem","position":2,"name":"B\u00f3kunarskilm\u00e1lar"}]},{"@type":"WebSite","@id":"https:\/\/langaholt.is\/islenska\/#website","url":"https:\/\/langaholt.is\/islenska\/","name":"Langaholt Sveitah\u00f3tel","description":"Ekta \u00edslensk sveitah\u00f3tel \u00e1 Sn\u00e6fellsnesinu","publisher":{"@id":"https:\/\/langaholt.is\/islenska\/#organization"},"potentialAction":[{"@type":"SearchAction","target":{"@type":"EntryPoint","urlTemplate":"https:\/\/langaholt.is\/islenska\/?s={search_term_string}"},"query-input":{"@type":"PropertyValueSpecification","valueRequired":true,"valueName":"search_term_string"}}],"inLanguage":"is"},{"@type":"Organization","@id":"https:\/\/langaholt.is\/islenska\/#organization","name":"Langaholt","url":"https:\/\/langaholt.is\/islenska\/","logo":{"@type":"ImageObject","inLanguage":"is","@id":"https:\/\/langaholt.is\/islenska\/#\/schema\/logo\/image\/","url":"https:\/\/langaholt.is\/islenska\/wp-content\/uploads\/2020\/02\/Langaholt-logo-vefur.jpg","contentUrl":"https:\/\/langaholt.is\/islenska\/wp-content\/uploads\/2020\/02\/Langaholt-logo-vefur.jpg","width":261,"height":85,"caption":"Langaholt"},"image":{"@id":"https:\/\/langaholt.is\/islenska\/#\/schema\/logo\/image\/"},"sameAs":["https:\/\/www.facebook.com\/langaholt\/","https:\/\/www.instagram.com\/langaholt\/"]}]}},"_links":{"self":[{"href":"https:\/\/langaholt.is\/islenska\/wp-json\/wp\/v2\/pages\/770","targetHints":{"allow":["GET"]}}],"collection":[{"href":"https:\/\/langaholt.is\/islenska\/wp-json\/wp\/v2\/pages"}],"about":[{"href":"https:\/\/langaholt.is\/islenska\/wp-json\/wp\/v2\/types\/page"}],"author":[{"embeddable":true,"href":"https:\/\/langaholt.is\/islenska\/wp-json\/wp\/v2\/users\/1"}],"replies":[{"embeddable":true,"href":"https:\/\/langaholt.is\/islenska\/wp-json\/wp\/v2\/comments?post=770"}],"version-history":[{"count":8,"href":"https:\/\/langaholt.is\/islenska\/wp-json\/wp\/v2\/pages\/770\/revisions"}],"predecessor-version":[{"id":3070,"href":"https:\/\/langaholt.is\/islenska\/wp-json\/wp\/v2\/pages\/770\/revisions\/3070"}],"wp:attachment":[{"href":"https:\/\/langaholt.is\/islenska\/wp-json\/wp\/v2\/media?parent=770"}],"curies":[{"name":"wp","href":"https:\/\/api.w.org\/{rel}","templated":true}]}}